{"id":8716,"date":"2022-05-16T11:58:06","date_gmt":"2022-05-16T09:58:06","guid":{"rendered":"https:\/\/www.alpyland.com\/verordnung\/"},"modified":"2026-04-01T12:12:46","modified_gmt":"2026-04-01T10:12:46","slug":"verordnung","status":"publish","type":"page","link":"https:\/\/www.alpyland.com\/de\/verordnung\/","title":{"rendered":"Verordnung"},"content":{"rendered":"\t\t<div data-elementor-type=\"wp-page\" data-elementor-id=\"8716\" class=\"elementor elementor-8716 elementor-129\" data-elementor-settings=\"{&quot;ha_cmc_init_switcher&quot;:&quot;no&quot;}\" data-elementor-post-type=\"page\">\n\t\t\t\t\t\t<section class=\"elementor-section elementor-top-section elementor-element elementor-element-4e0ee10f elementor-section-full_width elementor-section-height-min-height elementor-section-items-bottom elementor-section-stretched elementor-section-height-default\" data-id=\"4e0ee10f\" data-element_type=\"section\" data-e-type=\"section\" data-settings=\"{&quot;background_background&quot;:&quot;classic&quot;,&quot;stretch_section&quot;:&quot;section-stretched&quot;,&quot;_ha_eqh_enable&quot;:false}\">\n\t\t\t\t\t\t<div class=\"elementor-container elementor-column-gap-default\">\n\t\t\t\t\t<div class=\"elementor-column elementor-col-100 elementor-top-column elementor-element elementor-element-2e357909\" data-id=\"2e357909\" data-element_type=\"column\" data-e-type=\"column\">\n\t\t\t<div class=\"elementor-widget-wrap elementor-element-populated\">\n\t\t\t\t\t\t<div class=\"elementor-element elementor-element-7f22989d elementor-widget elementor-widget-heading\" data-id=\"7f22989d\" data-element_type=\"widget\" data-e-type=\"widget\" data-widget_type=\"heading.default\">\n\t\t\t\t<div class=\"elementor-widget-container\">\n\t\t\t\t\t<h1 class=\"elementor-heading-title elementor-size-default\">Verordnung<\/h1>\t\t\t\t<\/div>\n\t\t\t\t<\/div>\n\t\t\t\t<div class=\"elementor-element elementor-element-427f3a43 elementor-view-default elementor-invisible elementor-widget elementor-widget-icon\" data-id=\"427f3a43\" data-element_type=\"widget\" data-e-type=\"widget\" data-settings=\"{&quot;_animation&quot;:&quot;bounceInDown&quot;}\" data-widget_type=\"icon.default\">\n\t\t\t\t<div class=\"elementor-widget-container\">\n\t\t\t\t\t\t\t<div class=\"elementor-icon-wrapper\">\n\t\t\t<div class=\"elementor-icon\">\n\t\t\t<i aria-hidden=\"true\" class=\"fas fa-chevron-down\"><\/i>\t\t\t<\/div>\n\t\t<\/div>\n\t\t\t\t\t\t<\/div>\n\t\t\t\t<\/div>\n\t\t\t\t\t<\/div>\n\t\t<\/div>\n\t\t\t\t\t<\/div>\n\t\t<\/section>\n\t\t\t\t<section class=\"elementor-section elementor-top-section elementor-element elementor-element-42b9ab2b elementor-section-height-min-height elementor-section-stretched elementor-section-boxed elementor-section-height-default elementor-section-items-middle\" data-id=\"42b9ab2b\" data-element_type=\"section\" data-e-type=\"section\" data-settings=\"{&quot;background_background&quot;:&quot;gradient&quot;,&quot;stretch_section&quot;:&quot;section-stretched&quot;,&quot;_ha_eqh_enable&quot;:false}\">\n\t\t\t\t\t\t<div class=\"elementor-container elementor-column-gap-default\">\n\t\t\t\t\t<div class=\"elementor-column elementor-col-100 elementor-top-column elementor-element elementor-element-72cfd1e0\" data-id=\"72cfd1e0\" data-element_type=\"column\" data-e-type=\"column\">\n\t\t\t<div class=\"elementor-widget-wrap elementor-element-populated\">\n\t\t\t\t\t\t<div class=\"elementor-element elementor-element-5490e637 elementor-widget elementor-widget-text-editor\" data-id=\"5490e637\" data-element_type=\"widget\" data-e-type=\"widget\" data-widget_type=\"text-editor.default\">\n\t\t\t\t<div class=\"elementor-widget-container\">\n\t\t\t\t\t\t\t\t\tBrauchst du mehr Informationen dar\u00fcber, wie Alpyland funktioniert? Im Folgenden findest du die Regeln.  Ben\u00f6tigst du weitere Informationen? \t\t\t\t\t\t\t\t<\/div>\n\t\t\t\t<\/div>\n\t\t\t\t<section class=\"elementor-section elementor-inner-section elementor-element elementor-element-479bff0b elementor-section-boxed elementor-section-height-default elementor-section-height-default\" data-id=\"479bff0b\" data-element_type=\"section\" data-e-type=\"section\" data-settings=\"{&quot;_ha_eqh_enable&quot;:false}\">\n\t\t\t\t\t\t<div class=\"elementor-container elementor-column-gap-narrow\">\n\t\t\t\t\t<div class=\"elementor-column elementor-col-50 elementor-inner-column elementor-element elementor-element-4ff0c3ae\" data-id=\"4ff0c3ae\" data-element_type=\"column\" data-e-type=\"column\">\n\t\t\t<div class=\"elementor-widget-wrap elementor-element-populated\">\n\t\t\t\t\t\t<div class=\"elementor-element elementor-element-56eedef2 elementor-align-right elementor-mobile-align-center elementor-invisible elementor-widget elementor-widget-button\" data-id=\"56eedef2\" data-element_type=\"widget\" data-e-type=\"widget\" data-settings=\"{&quot;_animation&quot;:&quot;fadeIn&quot;}\" data-widget_type=\"button.default\">\n\t\t\t\t<div class=\"elementor-widget-container\">\n\t\t\t\t\t\t\t\t\t<div class=\"elementor-button-wrapper\">\n\t\t\t\t\t<a class=\"elementor-button elementor-button-link elementor-size-sm\" href=\"mailto:%20biglietteria@alpyland.com\">\n\t\t\t\t\t\t<span class=\"elementor-button-content-wrapper\">\n\t\t\t\t\t\t<span class=\"elementor-button-icon\">\n\t\t\t\t<i aria-hidden=\"true\" class=\"huge huge-mail-open\"><\/i>\t\t\t<\/span>\n\t\t\t\t\t\t\t\t\t<span class=\"elementor-button-text\">Schreib uns eine E-Mail<\/span>\n\t\t\t\t\t<\/span>\n\t\t\t\t\t<\/a>\n\t\t\t\t<\/div>\n\t\t\t\t\t\t\t\t<\/div>\n\t\t\t\t<\/div>\n\t\t\t\t\t<\/div>\n\t\t<\/div>\n\t\t\t\t<div class=\"elementor-column elementor-col-50 elementor-inner-column elementor-element elementor-element-757447a\" data-id=\"757447a\" data-element_type=\"column\" data-e-type=\"column\">\n\t\t\t<div class=\"elementor-widget-wrap elementor-element-populated\">\n\t\t\t\t\t\t<div class=\"elementor-element elementor-element-3646fa6 elementor-align-left elementor-mobile-align-center elementor-invisible elementor-widget elementor-widget-button\" data-id=\"3646fa6\" data-element_type=\"widget\" data-e-type=\"widget\" data-settings=\"{&quot;_animation&quot;:&quot;fadeIn&quot;}\" data-widget_type=\"button.default\">\n\t\t\t\t<div class=\"elementor-widget-container\">\n\t\t\t\t\t\t\t\t\t<div class=\"elementor-button-wrapper\">\n\t\t\t\t\t<a class=\"elementor-button elementor-button-link elementor-size-sm\" href=\"https:\/\/www.alpyland.com\/de\/haeufige-fragen\/\">\n\t\t\t\t\t\t<span class=\"elementor-button-content-wrapper\">\n\t\t\t\t\t\t<span class=\"elementor-button-icon\">\n\t\t\t\t<i aria-hidden=\"true\" class=\"far fa-question-circle\"><\/i>\t\t\t<\/span>\n\t\t\t\t\t\t\t\t\t<span class=\"elementor-button-text\">Lies die FAQs<\/span>\n\t\t\t\t\t<\/span>\n\t\t\t\t\t<\/a>\n\t\t\t\t<\/div>\n\t\t\t\t\t\t\t\t<\/div>\n\t\t\t\t<\/div>\n\t\t\t\t\t<\/div>\n\t\t<\/div>\n\t\t\t\t\t<\/div>\n\t\t<\/section>\n\t\t\t\t\t<\/div>\n\t\t<\/div>\n\t\t\t\t\t<\/div>\n\t\t<\/section>\n\t\t\t\t<section class=\"elementor-section elementor-top-section elementor-element elementor-element-6de66dde elementor-section-stretched elementor-section-boxed elementor-section-height-default elementor-section-height-default\" data-id=\"6de66dde\" data-element_type=\"section\" data-e-type=\"section\" data-settings=\"{&quot;background_background&quot;:&quot;gradient&quot;,&quot;stretch_section&quot;:&quot;section-stretched&quot;,&quot;_ha_eqh_enable&quot;:false}\">\n\t\t\t\t\t\t<div class=\"elementor-container elementor-column-gap-narrow\">\n\t\t\t\t\t<div class=\"elementor-column elementor-col-100 elementor-top-column elementor-element elementor-element-375e8b05\" data-id=\"375e8b05\" data-element_type=\"column\" data-e-type=\"column\">\n\t\t\t<div class=\"elementor-widget-wrap elementor-element-populated\">\n\t\t\t\t\t\t<div class=\"elementor-element elementor-element-5b0cf179 ha-card--top ha-card--tablet-top ha-card--mobile-top elementor-widget elementor-widget-ha-card happy-addon ha-card\" data-id=\"5b0cf179\" data-element_type=\"widget\" data-e-type=\"widget\" data-widget_type=\"ha-card.default\">\n\t\t\t\t<div class=\"elementor-widget-container\">\n\t\t\t\t\t\n\t\t\n\t\t<div class=\"ha-card-body\">\n\n\t\t\t<h3 class=\"ha-card-title\">Alter und Gr\u00f6\u00dfe<\/h3>\n\t\t\t\t\t\t\t<div class=\"ha-card-text\">\n\t\t\t\t\t<p>Kinder unter 4 Jahren und\/oder unter 100 cm K\u00f6rpergr\u00f6\u00dfe d\u00fcrfen die Bahn nicht benutzen.<br><br>Kinder zwischen 4 und 9 Jahren d\u00fcrfen die Abfahrt auf dem vorderen Sitz nur in Begleitung eines Erwachsenen oder einer Person \u00fcber 14 Jahren und einer Mindestgr\u00f6\u00dfe von 135 cm durchf\u00fchren.<br><br>Ab 9 Jahren k\u00f6nnen sie die Abfahrt selbstst\u00e4ndig durchf\u00fchren. <\/p>\n\t\t\t\t<\/div>\n\t\t\t\n\t\t\t\t\t<\/div>\n\t\t\t\t\t\t<\/div>\n\t\t\t\t<\/div>\n\t\t\t\t<div class=\"elementor-element elementor-element-cd513e8 ha-card--top ha-card--tablet-top ha-card--mobile-top elementor-widget elementor-widget-ha-card happy-addon ha-card\" data-id=\"cd513e8\" data-element_type=\"widget\" data-e-type=\"widget\" data-widget_type=\"ha-card.default\">\n\t\t\t\t<div class=\"elementor-widget-container\">\n\t\t\t\t\t\n\t\t\n\t\t<div class=\"ha-card-body\">\n\n\t\t\t<h3 class=\"ha-card-title\">Zugang und Verantwortung<\/h3>\n\t\t\t\t\t\t\t<div class=\"ha-card-text\">\n\t\t\t\t\t<p>- Die Aufmerksamkeit des Fahrers ist entscheidend f\u00fcr die Sicherheit. Die Benutzer nutzen Alpyland auf eigene Verantwortung, mit angemessener Kleidung und nicht unter dem Einfluss von Alkohol oder Drogen.  <br> <br>- Der Zutritt zur Anlage ist nur mit g\u00fcltigem Ticket gestattet. <br> <br>- Durch den Kauf der Fahrkarte erkennt jeder Benutzer diese Bedingungen unwiderruflich an. <br> <br>- Den Anweisungen des Personals ist Folge zu leisten. Bei Nichtbeachtung der Benutzungsbedingungen\/Anweisungen wird die Benutzung untersagt. <br> <br>- Schwangere d\u00fcrfen die Attraktion nicht nutzen. <br> <br>- Personen mit physischen oder geistigen Einschr\u00e4nkungen d\u00fcrfen aus Sicherheitsgr\u00fcnden die Attraktion nicht benutzen, es sei denn, sie werden von einer Person begleitet, welche den Schlitten steuert und die Verantwortung f\u00fcr die Benutzer \u00fcbernimmt. <br> <br>- Der Bob kann eine maximale Last von 150 kg tragen. <br> <br>- Bei schlechtem Wetter kann Alpyland geschlossen sein und es werden keine R\u00fcckerstattungen geleistet. <br> <br>- Das Personal ist nicht verantwortlich f\u00fcr eventuell auf der Strecke verlorene Gegenst\u00e4nde. Im Falle eines Verlusts wird das Personal nach Schlie\u00dfung der Anlage eine Kontrollfahrt durchf\u00fchren. <\/p>\n\t\t\t\t<\/div>\n\t\t\t\n\t\t\t\t\t<\/div>\n\t\t\t\t\t\t<\/div>\n\t\t\t\t<\/div>\n\t\t\t\t<div class=\"elementor-element elementor-element-1e1fa860 ha-card--top ha-card--tablet-top ha-card--mobile-top elementor-widget elementor-widget-ha-card happy-addon ha-card\" data-id=\"1e1fa860\" data-element_type=\"widget\" data-e-type=\"widget\" data-widget_type=\"ha-card.default\">\n\t\t\t\t<div class=\"elementor-widget-container\">\n\t\t\t\t\t\n\t\t\n\t\t<div class=\"ha-card-body\">\n\n\t\t\t<h3 class=\"ha-card-title\">Verpflichtungen und Verbote<\/h3>\n\t\t\t\t\t\t\t<div class=\"ha-card-text\">\n\t\t\t\t\t<p>- Der gr\u00f6\u00dfere verantwortliche Fahrer sitzt immer hinten und h\u00e4lt die H\u00e4nde immer am Bremshebel. Wer vorn sitzt, darf die Bremshebel nicht bet\u00e4tigen und h\u00e4lt die H\u00e4nde immer am Haltegriff. <br><br>- Blick immer nach vorn in Fahrtrichtung. <br><br>- Am Ende der Strecke in der N\u00e4he des roten Zeltes muss gebremst werden. <br><br>- Die Benutzer m\u00fcssen nach jeder Fahrt vom Schlitten absteigen. <br><br>- Die Benutzer m\u00fcssen eine angemessene Sicherheitsgeschwindigkeit einhalten, um weder sich noch andere zu gef\u00e4hrden. <br><br>- Die Benutzer m\u00fcssen einen Abstand von mindestens 25 Metern zum vorausfahrenden Bob einhalten. m Falle einer Kollision wird der Fahrer des nachfolgenden Schlittens als verantwortlich angesehen.  <br><br>- Es ist verboten, zu langsam zu fahren. <br><br>- Es ist verboten, den Schlitten w\u00e4hrend der Fahrt anzuhalten. <br><br>- Es ist verboten, die Bahn oder die Teile unterhalb des Schlittens zu ber\u00fchren. <br><br>- Tiere, Regenschirme, St\u00f6cke sowie andere sperrige Gegenst\u00e4nde d\u00fcrfen nicht mit auf den Bob genommen werden. Tragen Sie keine weite Kleidung, M\u00fctzen, Schals. Achten Sie auf Schn\u00fcrsenkel sowie lange lose Haare in Bahnn\u00e4he und an den Bobr\u00e4dern.<br><br>- W\u00e4hrend der Abfahrt ist das Rauchen, die Verwendung von Fotoapparaten, Handys und jeglichen Ger\u00e4ten, die die Aufmerksamkeit des Fahrers ablenken k\u00f6nnten, verboten. F\u00fcr Sch\u00e4den oder Verlust elektronischer Ger\u00e4te haftet der Fahrgast.<\/p>\n\t\t\t\t<\/div>\n\t\t\t\n\t\t\t\t\t<\/div>\n\t\t\t\t\t\t<\/div>\n\t\t\t\t<\/div>\n\t\t\t\t\t<\/div>\n\t\t<\/div>\n\t\t\t\t\t<\/div>\n\t\t<\/section>\n\t\t\t\t<section class=\"elementor-section elementor-top-section elementor-element elementor-element-79884834 elementor-section-boxed elementor-section-height-default elementor-section-height-default\" data-id=\"79884834\" data-element_type=\"section\" data-e-type=\"section\" data-settings=\"{&quot;_ha_eqh_enable&quot;:false}\">\n\t\t\t\t\t\t<div class=\"elementor-container elementor-column-gap-default\">\n\t\t\t\t\t<div class=\"elementor-column elementor-col-100 elementor-top-column elementor-element elementor-element-5cf71c8b\" data-id=\"5cf71c8b\" data-element_type=\"column\" data-e-type=\"column\">\n\t\t\t<div class=\"elementor-widget-wrap\">\n\t\t\t\t\t\t\t<\/div>\n\t\t<\/div>\n\t\t\t\t\t<\/div>\n\t\t<\/section>\n\t\t\t\t<\/div>\n\t\t","protected":false},"excerpt":{"rendered":"<p>Verordnung Brauchst du mehr Informationen dar\u00fcber, wie Alpyland funktioniert? Im Folgenden findest du die Regeln. Ben\u00f6tigst du weitere Informationen? Schreib uns eine E-Mail Lies die FAQs Alter und Gr\u00f6\u00dfe Kinder unter 4 Jahren und\/oder unter 100 cm K\u00f6rpergr\u00f6\u00dfe d\u00fcrfen die Bahn nicht benutzen. Kinder zwischen 4 und 9 Jahren d\u00fcrfen die Abfahrt auf dem vorderen [&hellip;]<\/p>\n","protected":false},"author":2,"featured_media":0,"parent":0,"menu_order":0,"comment_status":"closed","ping_status":"closed","template":"","meta":{"footnotes":""},"class_list":["post-8716","page","type-page","status-publish","hentry"],"_links":{"self":[{"href":"https:\/\/www.alpyland.com\/de\/wp-json\/wp\/v2\/pages\/8716","targetHints":{"allow":["GET"]}}],"collection":[{"href":"https:\/\/www.alpyland.com\/de\/wp-json\/wp\/v2\/pages"}],"about":[{"href":"https:\/\/www.alpyland.com\/de\/wp-json\/wp\/v2\/types\/page"}],"author":[{"embeddable":true,"href":"https:\/\/www.alpyland.com\/de\/wp-json\/wp\/v2\/users\/2"}],"replies":[{"embeddable":true,"href":"https:\/\/www.alpyland.com\/de\/wp-json\/wp\/v2\/comments?post=8716"}],"version-history":[{"count":26,"href":"https:\/\/www.alpyland.com\/de\/wp-json\/wp\/v2\/pages\/8716\/revisions"}],"predecessor-version":[{"id":24632,"href":"https:\/\/www.alpyland.com\/de\/wp-json\/wp\/v2\/pages\/8716\/revisions\/24632"}],"wp:attachment":[{"href":"https:\/\/www.alpyland.com\/de\/wp-json\/wp\/v2\/media?parent=8716"}],"curies":[{"name":"wp","href":"https:\/\/api.w.org\/{rel}","templated":true}]}}