{"id":9064,"date":"2022-05-27T15:29:30","date_gmt":"2022-05-27T13:29:30","guid":{"rendered":"https:\/\/www.alpyland.com\/alpyland-cafe\/"},"modified":"2026-04-01T12:24:55","modified_gmt":"2026-04-01T10:24:55","slug":"alpyland-cafe","status":"publish","type":"page","link":"https:\/\/www.alpyland.com\/de\/alpyland-cafe\/","title":{"rendered":"Alpyland Caf\u00e8"},"content":{"rendered":"\t\t<div data-elementor-type=\"wp-page\" data-elementor-id=\"9064\" class=\"elementor elementor-9064 elementor-131\" data-elementor-settings=\"{&quot;ha_cmc_init_switcher&quot;:&quot;no&quot;}\" data-elementor-post-type=\"page\">\n\t\t\t\t\t\t<section class=\"elementor-section elementor-top-section elementor-element elementor-element-56b37abe elementor-section-full_width elementor-section-height-min-height elementor-section-items-bottom elementor-section-stretched elementor-section-height-default\" data-id=\"56b37abe\" data-element_type=\"section\" data-e-type=\"section\" data-settings=\"{&quot;background_background&quot;:&quot;classic&quot;,&quot;stretch_section&quot;:&quot;section-stretched&quot;,&quot;_ha_eqh_enable&quot;:false}\">\n\t\t\t\t\t\t<div class=\"elementor-container elementor-column-gap-default\">\n\t\t\t\t\t<div class=\"elementor-column elementor-col-100 elementor-top-column elementor-element elementor-element-7aa70a15\" data-id=\"7aa70a15\" data-element_type=\"column\" data-e-type=\"column\">\n\t\t\t<div class=\"elementor-widget-wrap elementor-element-populated\">\n\t\t\t\t\t\t<div class=\"elementor-element elementor-element-778116e1 elementor-widget elementor-widget-heading\" data-id=\"778116e1\" data-element_type=\"widget\" data-e-type=\"widget\" data-widget_type=\"heading.default\">\n\t\t\t\t<div class=\"elementor-widget-container\">\n\t\t\t\t\t<h1 class=\"elementor-heading-title elementor-size-default\">Alpyland Caf\u00e8<\/h1>\t\t\t\t<\/div>\n\t\t\t\t<\/div>\n\t\t\t\t<div class=\"elementor-element elementor-element-5ef578a2 elementor-view-default elementor-invisible elementor-widget elementor-widget-icon\" data-id=\"5ef578a2\" data-element_type=\"widget\" data-e-type=\"widget\" data-settings=\"{&quot;_animation&quot;:&quot;bounceInDown&quot;}\" data-widget_type=\"icon.default\">\n\t\t\t\t<div class=\"elementor-widget-container\">\n\t\t\t\t\t\t\t<div class=\"elementor-icon-wrapper\">\n\t\t\t<div class=\"elementor-icon\">\n\t\t\t<i aria-hidden=\"true\" class=\"fas fa-chevron-down\"><\/i>\t\t\t<\/div>\n\t\t<\/div>\n\t\t\t\t\t\t<\/div>\n\t\t\t\t<\/div>\n\t\t\t\t\t<\/div>\n\t\t<\/div>\n\t\t\t\t\t<\/div>\n\t\t<\/section>\n\t\t\t\t<section class=\"elementor-section elementor-top-section elementor-element elementor-element-13a31b68 elementor-section-height-min-height elementor-section-stretched elementor-section-boxed elementor-section-height-default elementor-section-items-middle\" data-id=\"13a31b68\" data-element_type=\"section\" data-e-type=\"section\" data-settings=\"{&quot;background_background&quot;:&quot;gradient&quot;,&quot;stretch_section&quot;:&quot;section-stretched&quot;,&quot;_ha_eqh_enable&quot;:false}\">\n\t\t\t\t\t\t<div class=\"elementor-container elementor-column-gap-default\">\n\t\t\t\t\t<div class=\"elementor-column elementor-col-100 elementor-top-column elementor-element elementor-element-9aae007\" data-id=\"9aae007\" data-element_type=\"column\" data-e-type=\"column\">\n\t\t\t<div class=\"elementor-widget-wrap elementor-element-populated\">\n\t\t\t\t\t\t<div class=\"elementor-element elementor-element-1d6be432 elementor-widget elementor-widget-text-editor\" data-id=\"1d6be432\" data-element_type=\"widget\" data-e-type=\"widget\" data-widget_type=\"text-editor.default\">\n\t\t\t\t<div class=\"elementor-widget-container\">\n\t\t\t\t\t\t\t\t\t<p>Das Alpyland Caf\u00e8 ist die Alpyland Bar auf dem Gipfel des Mottarone. Nur 50 Meter vom Eingang des Alpyland Ticketb\u00fcros entfernt, wird Sie das atemberaubende Panorama dazu bringen, ein Mittagessen oder einen Aperitif in Einsamkeit oder in Gesellschaft noch mehr zu sch\u00e4tzen, den Sie bequem an den Tischen oder auf der Panoramaterrasse der Bar genie\u00dfen k\u00f6nnen. <\/p><p>Wir bieten Ihnen eine gro\u00dfe Auswahl an Sandwiches, Piadinas, Wurst- und K\u00e4seplatten, die alle typisch f\u00fcr die umliegende Region sind. Sie k\u00f6nnen Ihre Gerichte mit einer gro\u00dfen Auswahl an Bieren, Weinen, Cocktails und Getr\u00e4nken begleiten. <\/p><p>Wir sind sicher, dass unser Aperitif mit den besten typischen Produkten der Region Sie um den Verstand bringen wird! <\/p>\t\t\t\t\t\t\t\t<\/div>\n\t\t\t\t<\/div>\n\t\t\t\t<section class=\"elementor-section elementor-inner-section elementor-element elementor-element-1047069b elementor-section-boxed elementor-section-height-default elementor-section-height-default\" data-id=\"1047069b\" data-element_type=\"section\" data-e-type=\"section\" data-settings=\"{&quot;_ha_eqh_enable&quot;:false}\">\n\t\t\t\t\t\t<div class=\"elementor-container elementor-column-gap-narrow\">\n\t\t\t\t\t<div class=\"elementor-column elementor-col-50 elementor-inner-column elementor-element elementor-element-71cc030\" data-id=\"71cc030\" data-element_type=\"column\" data-e-type=\"column\">\n\t\t\t<div class=\"elementor-widget-wrap elementor-element-populated\">\n\t\t\t\t\t\t<div class=\"elementor-element elementor-element-130efaba elementor-align-right elementor-mobile-align-center elementor-invisible elementor-widget elementor-widget-button\" data-id=\"130efaba\" data-element_type=\"widget\" data-e-type=\"widget\" data-settings=\"{&quot;_animation&quot;:&quot;fadeIn&quot;}\" data-widget_type=\"button.default\">\n\t\t\t\t<div class=\"elementor-widget-container\">\n\t\t\t\t\t\t\t\t\t<div class=\"elementor-button-wrapper\">\n\t\t\t\t\t<a class=\"elementor-button elementor-button-link elementor-size-sm\" href=\"https:\/\/www.alpyland.com\/de\/wo-wir-sind-wie-sie-uns-erreichen\/#calendario\">\n\t\t\t\t\t\t<span class=\"elementor-button-content-wrapper\">\n\t\t\t\t\t\t<span class=\"elementor-button-icon\">\n\t\t\t\t<i aria-hidden=\"true\" class=\"far fa-calendar-alt\"><\/i>\t\t\t<\/span>\n\t\t\t\t\t\t\t\t\t<span class=\"elementor-button-text\">Er\u00f6ffnungstermine<\/span>\n\t\t\t\t\t<\/span>\n\t\t\t\t\t<\/a>\n\t\t\t\t<\/div>\n\t\t\t\t\t\t\t\t<\/div>\n\t\t\t\t<\/div>\n\t\t\t\t\t<\/div>\n\t\t<\/div>\n\t\t\t\t<div class=\"elementor-column elementor-col-50 elementor-inner-column elementor-element elementor-element-bd86697\" data-id=\"bd86697\" data-element_type=\"column\" data-e-type=\"column\">\n\t\t\t<div class=\"elementor-widget-wrap elementor-element-populated\">\n\t\t\t\t\t\t<div class=\"elementor-element elementor-element-437114a4 elementor-align-left elementor-mobile-align-center elementor-invisible elementor-widget elementor-widget-button\" data-id=\"437114a4\" data-element_type=\"widget\" data-e-type=\"widget\" data-settings=\"{&quot;_animation&quot;:&quot;fadeIn&quot;}\" data-widget_type=\"button.default\">\n\t\t\t\t<div class=\"elementor-widget-container\">\n\t\t\t\t\t\t\t\t\t<div class=\"elementor-button-wrapper\">\n\t\t\t\t\t<a class=\"elementor-button elementor-button-link elementor-size-sm\" href=\"https:\/\/www.alpyland.com\/de\/wo-wir-sind-wie-sie-uns-erreichen\/#come-raggiungerci\">\n\t\t\t\t\t\t<span class=\"elementor-button-content-wrapper\">\n\t\t\t\t\t\t<span class=\"elementor-button-icon\">\n\t\t\t\t<i aria-hidden=\"true\" class=\"huge huge-store-location-01\"><\/i>\t\t\t<\/span>\n\t\t\t\t\t\t\t\t\t<span class=\"elementor-button-text\">Wie erreichen Sie uns<\/span>\n\t\t\t\t\t<\/span>\n\t\t\t\t\t<\/a>\n\t\t\t\t<\/div>\n\t\t\t\t\t\t\t\t<\/div>\n\t\t\t\t<\/div>\n\t\t\t\t\t<\/div>\n\t\t<\/div>\n\t\t\t\t\t<\/div>\n\t\t<\/section>\n\t\t\t\t\t<\/div>\n\t\t<\/div>\n\t\t\t\t\t<\/div>\n\t\t<\/section>\n\t\t\t\t<section class=\"elementor-section elementor-top-section elementor-element elementor-element-6cce4abf elementor-section-stretched elementor-section-boxed elementor-section-height-default elementor-section-height-default\" data-id=\"6cce4abf\" data-element_type=\"section\" data-e-type=\"section\" data-settings=\"{&quot;background_background&quot;:&quot;gradient&quot;,&quot;stretch_section&quot;:&quot;section-stretched&quot;,&quot;_ha_eqh_enable&quot;:false}\">\n\t\t\t\t\t\t<div class=\"elementor-container elementor-column-gap-narrow\">\n\t\t\t\t\t<div class=\"elementor-column elementor-col-100 elementor-top-column elementor-element elementor-element-65ea6c04\" data-id=\"65ea6c04\" data-element_type=\"column\" data-e-type=\"column\">\n\t\t\t<div class=\"elementor-widget-wrap elementor-element-populated\">\n\t\t\t\t\t\t<section class=\"elementor-section elementor-inner-section elementor-element elementor-element-1381efa6 elementor-section-boxed elementor-section-height-default elementor-section-height-default\" data-id=\"1381efa6\" data-element_type=\"section\" data-e-type=\"section\" data-settings=\"{&quot;_ha_eqh_enable&quot;:&quot;yes&quot;,&quot;_ha_eqh_widget&quot;:[&quot;ha-card&quot;],&quot;_ha_eqh_to&quot;:&quot;widget&quot;,&quot;_ha_eqh_disable_on_tablet&quot;:&quot;no&quot;,&quot;_ha_eqh_disable_on_mobile&quot;:&quot;yes&quot;}\">\n\t\t\t\t\t\t<div class=\"elementor-container elementor-column-gap-extended\">\n\t\t\t\t\t<div class=\"elementor-column elementor-col-100 elementor-inner-column elementor-element elementor-element-6c3d9401 elementor-invisible\" data-id=\"6c3d9401\" data-element_type=\"column\" data-e-type=\"column\" data-settings=\"{&quot;background_background&quot;:&quot;classic&quot;,&quot;animation&quot;:&quot;fadeIn&quot;}\">\n\t\t\t<div class=\"elementor-widget-wrap elementor-element-populated\">\n\t\t\t\t\t\t<div class=\"elementor-element elementor-element-71723099 ha-card--top ha-card--tablet-top ha-card--mobile-top elementor-widget elementor-widget-ha-card happy-addon ha-card\" data-id=\"71723099\" data-element_type=\"widget\" data-e-type=\"widget\" data-widget_type=\"ha-card.default\">\n\t\t\t\t<div class=\"elementor-widget-container\">\n\t\t\t\t\t\n\t\t\t\t\t<figure class=\"ha-card-figure\">\n\t\t\t\t<img fetchpriority=\"high\" decoding=\"async\" width=\"2561\" height=\"1144\" src=\"https:\/\/www.alpyland.com\/wp-content\/uploads\/2024\/10\/alpyland-cafe.jpg\" class=\"attachment-full size-full wp-image-22346\" alt=\"foto di un aperitivo al bar di alpyland che si chiama alpyland caf\u00e8, in vetta al monte mottarone con vista sul lago maggiore\" srcset=\"https:\/\/www.alpyland.com\/wp-content\/uploads\/2024\/10\/alpyland-cafe.jpg 2561w, https:\/\/www.alpyland.com\/wp-content\/uploads\/2024\/10\/alpyland-cafe-300x134.jpg 300w, https:\/\/www.alpyland.com\/wp-content\/uploads\/2024\/10\/alpyland-cafe-1024x457.jpg 1024w, https:\/\/www.alpyland.com\/wp-content\/uploads\/2024\/10\/alpyland-cafe-768x343.jpg 768w, https:\/\/www.alpyland.com\/wp-content\/uploads\/2024\/10\/alpyland-cafe-1536x686.jpg 1536w, https:\/\/www.alpyland.com\/wp-content\/uploads\/2024\/10\/alpyland-cafe-2048x915.jpg 2048w\" sizes=\"(max-width: 2561px) 100vw, 2561px\" \/>\t\t\t\t\t\t\t\t\t<div class=\"ha-badge ha-badge--top-right\">Ideal f\u00fcr Ihre besonderen Anl\u00e4sse!<\/div>\n\t\t\t\t\t\t\t<\/figure>\n\t\t\n\t\t<div class=\"ha-card-body\">\n\n\t\t\t\n\t\t\t\t\t\t\t<div class=\"ha-card-text\">\n\t\t\t\t\t<p>Wenn Sie nach einer einzigartigen und beeindruckenden Umgebung suchen, um einen Geburtstag, einen Junggesellinnenabschied, einen Junggesellenabschied oder ein unvergessliches Teambuilding zu feiern, sind Sie hier genau richtig!\n\nDas Alpyland Caf\u00e9 setzt sich daf\u00fcr ein, Ihnen und Ihren Freunden ein unvergessliches Erlebnis zu bieten. Unsere gem\u00fctliche und faszinierende Umgebung, eingebettet in die Sch\u00f6nheit der Berge, schafft die perfekte Kulisse f\u00fcr unvergessliche Erinnerungen.  <\/p>\n\t\t\t\t<\/div>\n\t\t\t\n\t\t\t<a class=\"ha-btn\" href=\"mailto:%20biglietteria@alpyland.com\"><span class=\"ha-btn-text\">Schreiben Sie uns f\u00fcr Informationen<\/span><\/a>\t\t<\/div>\n\t\t\t\t\t\t<\/div>\n\t\t\t\t<\/div>\n\t\t\t\t\t<\/div>\n\t\t<\/div>\n\t\t\t\t\t<\/div>\n\t\t<\/section>\n\t\t\t\t\t<\/div>\n\t\t<\/div>\n\t\t\t\t\t<\/div>\n\t\t<\/section>\n\t\t\t\t<\/div>\n\t\t","protected":false},"excerpt":{"rendered":"<p>Alpyland Caf\u00e8 Das Alpyland Caf\u00e8 ist die Alpyland Bar auf dem Gipfel des Mottarone. Nur 50 Meter vom Eingang des Alpyland Ticketb\u00fcros entfernt, wird Sie das atemberaubende Panorama dazu bringen, ein Mittagessen oder einen Aperitif in Einsamkeit oder in Gesellschaft noch mehr zu sch\u00e4tzen, den Sie bequem an den Tischen oder auf der Panoramaterrasse der [&hellip;]<\/p>\n","protected":false},"author":2,"featured_media":0,"parent":0,"menu_order":0,"comment_status":"closed","ping_status":"closed","template":"","meta":{"footnotes":""},"class_list":["post-9064","page","type-page","status-publish","hentry"],"_links":{"self":[{"href":"https:\/\/www.alpyland.com\/de\/wp-json\/wp\/v2\/pages\/9064","targetHints":{"allow":["GET"]}}],"collection":[{"href":"https:\/\/www.alpyland.com\/de\/wp-json\/wp\/v2\/pages"}],"about":[{"href":"https:\/\/www.alpyland.com\/de\/wp-json\/wp\/v2\/types\/page"}],"author":[{"embeddable":true,"href":"https:\/\/www.alpyland.com\/de\/wp-json\/wp\/v2\/users\/2"}],"replies":[{"embeddable":true,"href":"https:\/\/www.alpyland.com\/de\/wp-json\/wp\/v2\/comments?post=9064"}],"version-history":[{"count":51,"href":"https:\/\/www.alpyland.com\/de\/wp-json\/wp\/v2\/pages\/9064\/revisions"}],"predecessor-version":[{"id":24648,"href":"https:\/\/www.alpyland.com\/de\/wp-json\/wp\/v2\/pages\/9064\/revisions\/24648"}],"wp:attachment":[{"href":"https:\/\/www.alpyland.com\/de\/wp-json\/wp\/v2\/media?parent=9064"}],"curies":[{"name":"wp","href":"https:\/\/api.w.org\/{rel}","templated":true}]}}