{"id":24353,"date":"2026-03-18T12:16:28","date_gmt":"2026-03-18T11:16:28","guid":{"rendered":"https:\/\/www.alpyland.com\/acheter-un-billet\/"},"modified":"2026-04-01T10:59:40","modified_gmt":"2026-04-01T08:59:40","slug":"acheter-un-billet","status":"publish","type":"page","link":"https:\/\/www.alpyland.com\/fr\/acheter-un-billet\/","title":{"rendered":"Acheter un billet"},"content":{"rendered":"\t\t<div data-elementor-type=\"wp-page\" data-elementor-id=\"24353\" class=\"elementor elementor-24353 elementor-23890\" data-elementor-settings=\"{&quot;ha_cmc_init_switcher&quot;:&quot;no&quot;}\" data-elementor-post-type=\"page\">\n\t\t\t\t\t\t<section class=\"elementor-section elementor-top-section elementor-element elementor-element-2ecec2e7 elementor-section-full_width elementor-section-height-min-height elementor-section-items-bottom elementor-section-stretched elementor-section-height-default\" data-id=\"2ecec2e7\" data-element_type=\"section\" data-e-type=\"section\" data-settings=\"{&quot;background_background&quot;:&quot;classic&quot;,&quot;stretch_section&quot;:&quot;section-stretched&quot;,&quot;_ha_eqh_enable&quot;:false}\">\n\t\t\t\t\t\t<div class=\"elementor-container elementor-column-gap-default\">\n\t\t\t\t\t<div class=\"elementor-column elementor-col-100 elementor-top-column elementor-element elementor-element-470ff08b\" data-id=\"470ff08b\" data-element_type=\"column\" data-e-type=\"column\">\n\t\t\t<div class=\"elementor-widget-wrap elementor-element-populated\">\n\t\t\t\t\t\t<div class=\"elementor-element elementor-element-de0af1f elementor-widget elementor-widget-heading\" data-id=\"de0af1f\" data-element_type=\"widget\" data-e-type=\"widget\" data-widget_type=\"heading.default\">\n\t\t\t\t<div class=\"elementor-widget-container\">\n\t\t\t\t\t<h1 class=\"elementor-heading-title elementor-size-default\">Acquista biglietto<\/h1>\t\t\t\t<\/div>\n\t\t\t\t<\/div>\n\t\t\t\t<div class=\"elementor-element elementor-element-22ca07f7 elementor-view-default elementor-invisible elementor-widget elementor-widget-icon\" data-id=\"22ca07f7\" data-element_type=\"widget\" data-e-type=\"widget\" data-settings=\"{&quot;_animation&quot;:&quot;bounceInDown&quot;}\" data-widget_type=\"icon.default\">\n\t\t\t\t<div class=\"elementor-widget-container\">\n\t\t\t\t\t\t\t<div class=\"elementor-icon-wrapper\">\n\t\t\t<div class=\"elementor-icon\">\n\t\t\t<i aria-hidden=\"true\" class=\"fas fa-chevron-down\"><\/i>\t\t\t<\/div>\n\t\t<\/div>\n\t\t\t\t\t\t<\/div>\n\t\t\t\t<\/div>\n\t\t\t\t\t<\/div>\n\t\t<\/div>\n\t\t\t\t\t<\/div>\n\t\t<\/section>\n\t\t\t\t<section class=\"elementor-section elementor-top-section elementor-element elementor-element-70f2d8ac elementor-section-height-min-height elementor-section-stretched elementor-section-boxed elementor-section-height-default elementor-section-items-middle\" data-id=\"70f2d8ac\" data-element_type=\"section\" data-e-type=\"section\" data-settings=\"{&quot;background_background&quot;:&quot;gradient&quot;,&quot;stretch_section&quot;:&quot;section-stretched&quot;,&quot;_ha_eqh_enable&quot;:false}\">\n\t\t\t\t\t\t<div class=\"elementor-container elementor-column-gap-default\">\n\t\t\t\t\t<div class=\"elementor-column elementor-col-100 elementor-top-column elementor-element elementor-element-5292aed9\" data-id=\"5292aed9\" data-element_type=\"column\" data-e-type=\"column\">\n\t\t\t<div class=\"elementor-widget-wrap elementor-element-populated\">\n\t\t\t\t\t\t<div class=\"elementor-element elementor-element-15ed97fd elementor-widget elementor-widget-text-editor\" data-id=\"15ed97fd\" data-element_type=\"widget\" data-e-type=\"widget\" data-widget_type=\"text-editor.default\">\n\t\t\t\t<div class=\"elementor-widget-container\">\n\t\t\t\t\t\t\t\t\t<p>Achetez vos billets pour Alpyland confortablement en ligne ! Choisissez entre des courses individuelles ou des forfaits multi-courses. Vous pouvez \u00e9galement d\u00e9cider de les offrir pour faire vivre une exp\u00e9rience unique \u00e0 ceux que vous aimez !  <\/p>\t\t\t\t\t\t\t\t<\/div>\n\t\t\t\t<\/div>\n\t\t\t\t<section class=\"elementor-section elementor-inner-section elementor-element elementor-element-5b9523d1 elementor-section-boxed elementor-section-height-default elementor-section-height-default\" data-id=\"5b9523d1\" data-element_type=\"section\" data-e-type=\"section\" data-settings=\"{&quot;_ha_eqh_enable&quot;:false}\">\n\t\t\t\t\t\t<div class=\"elementor-container elementor-column-gap-narrow\">\n\t\t\t\t\t<div class=\"elementor-column elementor-col-100 elementor-inner-column elementor-element elementor-element-5e597ae8\" data-id=\"5e597ae8\" data-element_type=\"column\" data-e-type=\"column\">\n\t\t\t<div class=\"elementor-widget-wrap elementor-element-populated\">\n\t\t\t\t\t\t<div class=\"elementor-element elementor-element-692e7779 elementor-align-center elementor-invisible elementor-widget elementor-widget-button\" data-id=\"692e7779\" data-element_type=\"widget\" data-e-type=\"widget\" data-settings=\"{&quot;_animation&quot;:&quot;fadeIn&quot;}\" data-widget_type=\"button.default\">\n\t\t\t\t<div class=\"elementor-widget-container\">\n\t\t\t\t\t\t\t\t\t<div class=\"elementor-button-wrapper\">\n\t\t\t\t\t<a class=\"elementor-button elementor-button-link elementor-size-sm\" href=\"https:\/\/www.vivaticket.com\/it\/tour\/alpyland\/3793\">\n\t\t\t\t\t\t<span class=\"elementor-button-content-wrapper\">\n\t\t\t\t\t\t<span class=\"elementor-button-icon\">\n\t\t\t\t<i aria-hidden=\"true\" class=\"fas fa-shopping-cart\"><\/i>\t\t\t<\/span>\n\t\t\t\t\t\t\t\t\t<span class=\"elementor-button-text\">Achetez d\u00e8s maintenant votre billet<\/span>\n\t\t\t\t\t<\/span>\n\t\t\t\t\t<\/a>\n\t\t\t\t<\/div>\n\t\t\t\t\t\t\t\t<\/div>\n\t\t\t\t<\/div>\n\t\t\t\t\t<\/div>\n\t\t<\/div>\n\t\t\t\t\t<\/div>\n\t\t<\/section>\n\t\t\t\t\t<\/div>\n\t\t<\/div>\n\t\t\t\t\t<\/div>\n\t\t<\/section>\n\t\t\t\t<section class=\"elementor-section elementor-top-section elementor-element elementor-element-5da73aa1 elementor-section-height-min-height elementor-section-stretched elementor-section-boxed elementor-section-height-default elementor-section-items-middle\" data-id=\"5da73aa1\" data-element_type=\"section\" data-e-type=\"section\" data-settings=\"{&quot;background_background&quot;:&quot;classic&quot;,&quot;stretch_section&quot;:&quot;section-stretched&quot;,&quot;_ha_eqh_enable&quot;:false}\">\n\t\t\t\t\t\t<div class=\"elementor-container elementor-column-gap-narrow\">\n\t\t\t\t\t<div class=\"elementor-column elementor-col-100 elementor-top-column elementor-element elementor-element-b02a951\" data-id=\"b02a951\" data-element_type=\"column\" data-e-type=\"column\">\n\t\t\t<div class=\"elementor-widget-wrap elementor-element-populated\">\n\t\t\t\t\t\t<div class=\"elementor-element elementor-element-8caee3e ha-card--top ha-card--tablet-top ha-card--mobile-top elementor-widget elementor-widget-ha-card happy-addon ha-card\" data-id=\"8caee3e\" data-element_type=\"widget\" data-e-type=\"widget\" data-widget_type=\"ha-card.default\">\n\t\t\t\t<div class=\"elementor-widget-container\">\n\t\t\t\t\t\n\t\t\n\t\t<div class=\"ha-card-body\">\n\n\t\t\t<h3 class=\"ha-card-title\">Informations importantes<\/h3>\n\t\t\t\t\t\t\t<div class=\"ha-card-text\">\n\t\t\t\t\t<p>- Alpyland est une piste sur rail longue de 1 200 m\u00e8tres, compos\u00e9e d\u2019une descente et d\u2019une remont\u00e9e automatique. Les luges sont toutes biplaces. Il est donc possible de monter seul ou \u00e0 deux.   \n<br><br>- Les courses sont comptabilis\u00e9es par personne. Les forfaits multi-courses achet\u00e9s peuvent \u00eatre partag\u00e9s entre plusieurs personnes. Par exemple, si deux personnes ach\u00e8tent 4 courses, chacune peut en utiliser 2.  <br><br>- Le billet achet\u00e9 ne doit pas \u00eatre consid\u00e9r\u00e9 comme un coupe-file et devra \u00eatre pr\u00e9sent\u00e9 \u00e0 la billetterie de notre structure en format papier ou num\u00e9rique. Au sommet, il n\u2019est pas toujours possible de se connecter \u00e0 Internet. Nous recommandons donc, dans le cas d\u2019un billet num\u00e9rique, de sauvegarder sur votre smartphone une capture d\u2019\u00e9cran du billet re\u00e7u par e-mail. \u00c0 la billetterie, votre billet sera converti en un billet cod\u00e9 permettant d\u2019acc\u00e9der \u00e0 l\u2019installation.    <br><br>- Il n\u2019est pas n\u00e9cessaire de r\u00e9server. Consultez le calendrier d\u2019ouverture de la structure pour d\u00e9cider quand utiliser votre billet.  <br><br>- Le nom de l\u2019acheteur appara\u00eetra sur les billets. Cependant, les billets ne sont pas nominatifs : toute personne se pr\u00e9sentant avec le billet pourra l\u2019utiliser. <br><br>- L\u2019achat du billet n\u2019est pas remboursable.<br><br>- Une fois l\u2019achat compl\u00e9t\u00e9, vous recevrez imm\u00e9diatement un e-mail de confirmation \u00e0 partir duquel vous pourrez t\u00e9l\u00e9charger les billets.<br> <\/p>\n\t\t\t\t<\/div>\n\t\t\t\n\t\t\t\t\t<\/div>\n\t\t\t\t\t\t<\/div>\n\t\t\t\t<\/div>\n\t\t\t\t\t<\/div>\n\t\t<\/div>\n\t\t\t\t\t<\/div>\n\t\t<\/section>\n\t\t\t\t<section class=\"elementor-section elementor-top-section elementor-element elementor-element-408bed22 elementor-section-stretched elementor-section-boxed elementor-section-height-default elementor-section-height-default\" data-id=\"408bed22\" data-element_type=\"section\" data-e-type=\"section\" data-settings=\"{&quot;background_background&quot;:&quot;classic&quot;,&quot;stretch_section&quot;:&quot;section-stretched&quot;,&quot;_ha_eqh_enable&quot;:false}\">\n\t\t\t\t\t\t<div class=\"elementor-container elementor-column-gap-narrow\">\n\t\t\t\t\t<div class=\"elementor-column elementor-col-100 elementor-top-column elementor-element elementor-element-76c33e36\" data-id=\"76c33e36\" data-element_type=\"column\" data-e-type=\"column\">\n\t\t\t<div class=\"elementor-widget-wrap elementor-element-populated\">\n\t\t\t\t\t\t<div class=\"elementor-element elementor-element-244c96ec elementor-widget elementor-widget-text-editor\" data-id=\"244c96ec\" data-element_type=\"widget\" data-e-type=\"widget\" data-widget_type=\"text-editor.default\">\n\t\t\t\t<div class=\"elementor-widget-container\">\n\t\t\t\t\t\t\t\t\t<p>Avez-vous besoin de plus d\u2019informations concernant notre structure ?<\/p>\t\t\t\t\t\t\t\t<\/div>\n\t\t\t\t<\/div>\n\t\t\t\t<section class=\"elementor-section elementor-inner-section elementor-element elementor-element-61e2add0 elementor-section-boxed elementor-section-height-default elementor-section-height-default\" data-id=\"61e2add0\" data-element_type=\"section\" data-e-type=\"section\" data-settings=\"{&quot;_ha_eqh_enable&quot;:false}\">\n\t\t\t\t\t\t<div class=\"elementor-container elementor-column-gap-narrow\">\n\t\t\t\t\t<div class=\"elementor-column elementor-col-50 elementor-inner-column elementor-element elementor-element-1a8e7908\" data-id=\"1a8e7908\" data-element_type=\"column\" data-e-type=\"column\">\n\t\t\t<div class=\"elementor-widget-wrap elementor-element-populated\">\n\t\t\t\t\t\t<div class=\"elementor-element elementor-element-55856649 elementor-align-right elementor-mobile-align-center elementor-invisible elementor-widget elementor-widget-button\" data-id=\"55856649\" data-element_type=\"widget\" data-e-type=\"widget\" data-settings=\"{&quot;_animation&quot;:&quot;fadeIn&quot;}\" data-widget_type=\"button.default\">\n\t\t\t\t<div class=\"elementor-widget-container\">\n\t\t\t\t\t\t\t\t\t<div class=\"elementor-button-wrapper\">\n\t\t\t\t\t<a class=\"elementor-button elementor-button-link elementor-size-sm\" href=\"https:\/\/www.alpyland.com\/fr\/faq\/\">\n\t\t\t\t\t\t<span class=\"elementor-button-content-wrapper\">\n\t\t\t\t\t\t<span class=\"elementor-button-icon\">\n\t\t\t\t<i aria-hidden=\"true\" class=\"far fa-question-circle\"><\/i>\t\t\t<\/span>\n\t\t\t\t\t\t\t\t\t<span class=\"elementor-button-text\">Consultez la FAQ<\/span>\n\t\t\t\t\t<\/span>\n\t\t\t\t\t<\/a>\n\t\t\t\t<\/div>\n\t\t\t\t\t\t\t\t<\/div>\n\t\t\t\t<\/div>\n\t\t\t\t\t<\/div>\n\t\t<\/div>\n\t\t\t\t<div class=\"elementor-column elementor-col-50 elementor-inner-column elementor-element elementor-element-45deb7c8\" data-id=\"45deb7c8\" data-element_type=\"column\" data-e-type=\"column\">\n\t\t\t<div class=\"elementor-widget-wrap elementor-element-populated\">\n\t\t\t\t\t\t<div class=\"elementor-element elementor-element-58800efa elementor-align-left elementor-mobile-align-center elementor-invisible elementor-widget elementor-widget-button\" data-id=\"58800efa\" data-element_type=\"widget\" data-e-type=\"widget\" data-settings=\"{&quot;_animation&quot;:&quot;fadeIn&quot;}\" data-widget_type=\"button.default\">\n\t\t\t\t<div class=\"elementor-widget-container\">\n\t\t\t\t\t\t\t\t\t<div class=\"elementor-button-wrapper\">\n\t\t\t\t\t<a class=\"elementor-button elementor-button-link elementor-size-sm\" href=\"https:\/\/www.alpyland.com\/fr\/reglement\/\">\n\t\t\t\t\t\t<span class=\"elementor-button-content-wrapper\">\n\t\t\t\t\t\t<span class=\"elementor-button-icon\">\n\t\t\t\t<i aria-hidden=\"true\" class=\"fas fa-info-circle\"><\/i>\t\t\t<\/span>\n\t\t\t\t\t\t\t\t\t<span class=\"elementor-button-text\">Consultez le r\u00e8glement<\/span>\n\t\t\t\t\t<\/span>\n\t\t\t\t\t<\/a>\n\t\t\t\t<\/div>\n\t\t\t\t\t\t\t\t<\/div>\n\t\t\t\t<\/div>\n\t\t\t\t\t<\/div>\n\t\t<\/div>\n\t\t\t\t\t<\/div>\n\t\t<\/section>\n\t\t\t\t\t<\/div>\n\t\t<\/div>\n\t\t\t\t\t<\/div>\n\t\t<\/section>\n\t\t\t\t<section class=\"elementor-section elementor-top-section elementor-element elementor-element-6593fc8 elementor-section-height-min-height elementor-section-stretched elementor-section-boxed elementor-section-height-default elementor-section-items-middle\" data-id=\"6593fc8\" data-element_type=\"section\" data-e-type=\"section\" data-settings=\"{&quot;background_background&quot;:&quot;gradient&quot;,&quot;stretch_section&quot;:&quot;section-stretched&quot;,&quot;_ha_eqh_enable&quot;:false}\">\n\t\t\t\t\t\t<div class=\"elementor-container elementor-column-gap-narrow\">\n\t\t\t\t\t<div class=\"elementor-column elementor-col-100 elementor-top-column elementor-element elementor-element-2a24f02e\" data-id=\"2a24f02e\" data-element_type=\"column\" data-e-type=\"column\">\n\t\t\t<div class=\"elementor-widget-wrap elementor-element-populated\">\n\t\t\t\t\t\t<section class=\"elementor-section elementor-inner-section elementor-element elementor-element-7a69d7e3 elementor-section-boxed elementor-section-height-default elementor-section-height-default\" data-id=\"7a69d7e3\" data-element_type=\"section\" data-e-type=\"section\" data-settings=\"{&quot;_ha_eqh_enable&quot;:&quot;yes&quot;,&quot;_ha_eqh_widget&quot;:[&quot;ha-card&quot;],&quot;_ha_eqh_to&quot;:&quot;widget&quot;,&quot;_ha_eqh_disable_on_tablet&quot;:&quot;no&quot;,&quot;_ha_eqh_disable_on_mobile&quot;:&quot;yes&quot;}\">\n\t\t\t\t\t\t<div class=\"elementor-container elementor-column-gap-extended\">\n\t\t\t\t\t<div class=\"elementor-column elementor-col-50 elementor-inner-column elementor-element elementor-element-4d526ddb elementor-invisible\" data-id=\"4d526ddb\" data-element_type=\"column\" data-e-type=\"column\" data-settings=\"{&quot;background_background&quot;:&quot;classic&quot;,&quot;animation&quot;:&quot;fadeIn&quot;}\">\n\t\t\t<div class=\"elementor-widget-wrap elementor-element-populated\">\n\t\t\t\t\t\t<div class=\"elementor-element elementor-element-69933876 ha-card--top ha-card--tablet-top ha-card--mobile-top elementor-widget elementor-widget-ha-card happy-addon ha-card\" data-id=\"69933876\" data-element_type=\"widget\" data-e-type=\"widget\" data-widget_type=\"ha-card.default\">\n\t\t\t\t<div class=\"elementor-widget-container\">\n\t\t\t\t\t\n\t\t\t\t\t<figure class=\"ha-card-figure\">\n\t\t\t\t<img fetchpriority=\"high\" decoding=\"async\" width=\"1024\" height=\"576\" src=\"https:\/\/www.alpyland.com\/wp-content\/uploads\/2024\/10\/Titolo-6-1024x576.jpg\" class=\"attachment-large size-large wp-image-22656\" alt=\"Due ragazze sul bob di Alpyland in vetta al Mottarone. Sullo sfondo si ammira in panorama su Stresa, il lago Maggio e le Isole Borromee.\" srcset=\"https:\/\/www.alpyland.com\/wp-content\/uploads\/2024\/10\/Titolo-6-1024x576.jpg 1024w, https:\/\/www.alpyland.com\/wp-content\/uploads\/2024\/10\/Titolo-6-300x169.jpg 300w, https:\/\/www.alpyland.com\/wp-content\/uploads\/2024\/10\/Titolo-6-768x432.jpg 768w, https:\/\/www.alpyland.com\/wp-content\/uploads\/2024\/10\/Titolo-6-1536x864.jpg 1536w\" sizes=\"(max-width: 1024px) 100vw, 1024px\" \/>\t\t\t\t\t\t\t\t\t<div class=\"ha-badge ha-badge--top-right\">Enfants de 4 \u00e0 9 ans (avec une taille de 100 \u00e0 120 cm)<\/div>\n\t\t\t\t\t\t\t<\/figure>\n\t\t\n\t\t<div class=\"ha-card-body\">\n\n\t\t\t<h3 class=\"ha-card-title\">Tarifs r\u00e9duits<\/h3>\n\t\t\t\t\t\t\t<div class=\"ha-card-text\">\n\t\t\t\t\t<p>Course simple tarif r\u00e9duit ..... 5,50 \u20ac<br>Deux courses tarif r\u00e9duit ............ 11,00 \u20ac<br>Trois courses tarif r\u00e9duit ........... 16,50 \u20ac<br>Quatre courses tarif r\u00e9duit ...... 18,00 \u20ac<br>Cinq courses tarif r\u00e9duit .......... 23,50 \u20ac<br>Six courses tarif r\u00e9duit ............ 25,00 \u20ac<br>Huit courses tarif r\u00e9duit .......... 36,00 \u20ac<br>Dix courses tarif r\u00e9duit ........... 43,00 \u20ac    <\/p>\n\t\t\t\t<\/div>\n\t\t\t\n\t\t\t\t\t<\/div>\n\t\t\t\t\t\t<\/div>\n\t\t\t\t<\/div>\n\t\t\t\t\t<\/div>\n\t\t<\/div>\n\t\t\t\t<div class=\"elementor-column elementor-col-50 elementor-inner-column elementor-element elementor-element-c7f3f82 elementor-invisible\" data-id=\"c7f3f82\" data-element_type=\"column\" data-e-type=\"column\" data-settings=\"{&quot;background_background&quot;:&quot;classic&quot;,&quot;animation&quot;:&quot;fadeIn&quot;}\">\n\t\t\t<div class=\"elementor-widget-wrap elementor-element-populated\">\n\t\t\t\t\t\t<div class=\"elementor-element elementor-element-3a06961a ha-card--top ha-card--tablet-top ha-card--mobile-top elementor-widget elementor-widget-ha-card happy-addon ha-card\" data-id=\"3a06961a\" data-element_type=\"widget\" data-e-type=\"widget\" data-widget_type=\"ha-card.default\">\n\t\t\t\t<div class=\"elementor-widget-container\">\n\t\t\t\t\t\n\t\t\t\t\t<figure class=\"ha-card-figure\">\n\t\t\t\t<img decoding=\"async\" width=\"1024\" height=\"576\" data-src=\"https:\/\/www.alpyland.com\/wp-content\/uploads\/2024\/10\/Titolo-5-1024x576.jpg\" class=\"attachment-large size-large wp-image-22605 lazyload\" alt=\"Ragazze sorridenti alla partenza di Alpyland, le montagne russe in vetta al monte mottarone da cui si gode di una vista mozzafiato sui sette laghi, tra cui il lago maggiore alle loro spalle.\" data-srcset=\"https:\/\/www.alpyland.com\/wp-content\/uploads\/2024\/10\/Titolo-5-1024x576.jpg 1024w, https:\/\/www.alpyland.com\/wp-content\/uploads\/2024\/10\/Titolo-5-300x169.jpg 300w, https:\/\/www.alpyland.com\/wp-content\/uploads\/2024\/10\/Titolo-5-768x432.jpg 768w, https:\/\/www.alpyland.com\/wp-content\/uploads\/2024\/10\/Titolo-5-1536x863.jpg 1536w, https:\/\/www.alpyland.com\/wp-content\/uploads\/2024\/10\/Titolo-5.jpg 1708w\" data-sizes=\"(max-width: 1024px) 100vw, 1024px\" src=\"data:image\/svg+xml;base64,PHN2ZyB3aWR0aD0iMSIgaGVpZ2h0PSIxIiB4bWxucz0iaHR0cDovL3d3dy53My5vcmcvMjAwMC9zdmciPjwvc3ZnPg==\" style=\"--smush-placeholder-width: 1024px; --smush-placeholder-aspect-ratio: 1024\/576;\" \/>\t\t\t\t\t\t\t\t\t<div class=\"ha-badge ha-badge--top-right\">Enfants \u00e0 partir de 9 ans (avec une taille sup\u00e9rieure \u00e0 120 cm) et adultes<\/div>\n\t\t\t\t\t\t\t<\/figure>\n\t\t\n\t\t<div class=\"ha-card-body\">\n\n\t\t\t<h3 class=\"ha-card-title\">Tarifs pleins<\/h3>\n\t\t\t\t\t\t\t<div class=\"ha-card-text\">\n\t\t\t\t\t<p>Course simple plein tarif ....... 6,50 \u20ac<br>Deux courses plein tarif ............ 13,00 \u20ac<br>Trois courses plein tarif ........... 19,50 \u20ac<br>Quatre courses plein tarif ...... 21,00 \u20ac<br>Cinq courses plein tarif .......... 27,50 \u20ac<br>Six courses plein tarif ............ 29,00 \u20ac<br>Huit courses plein tarif .......... 42,00 \u20ac<br>Dix courses plein tarif ........... 50,00 \u20ac  <\/p>\n\t\t\t\t<\/div>\n\t\t\t\n\t\t\t\t\t<\/div>\n\t\t\t\t\t\t<\/div>\n\t\t\t\t<\/div>\n\t\t\t\t\t<\/div>\n\t\t<\/div>\n\t\t\t\t\t<\/div>\n\t\t<\/section>\n\t\t\t\t<div class=\"elementor-element elementor-element-b4115ae elementor-widget elementor-widget-text-editor\" data-id=\"b4115ae\" data-element_type=\"widget\" data-e-type=\"widget\" data-widget_type=\"text-editor.default\">\n\t\t\t\t<div class=\"elementor-widget-container\">\n\t\t\t\t\t\t\t\t\t<p>la direction se r\u00e9serve le droit de modifier les tarifs et les conditions sans pr\u00e9avis.<\/p>\t\t\t\t\t\t\t\t<\/div>\n\t\t\t\t<\/div>\n\t\t\t\t\t<\/div>\n\t\t<\/div>\n\t\t\t\t\t<\/div>\n\t\t<\/section>\n\t\t\t\t<section class=\"elementor-section elementor-top-section elementor-element elementor-element-2fec1578 elementor-section-stretched elementor-section-boxed elementor-section-height-default elementor-section-height-default\" data-id=\"2fec1578\" data-element_type=\"section\" data-e-type=\"section\" data-settings=\"{&quot;background_background&quot;:&quot;classic&quot;,&quot;stretch_section&quot;:&quot;section-stretched&quot;,&quot;_ha_eqh_enable&quot;:false}\">\n\t\t\t\t\t\t<div class=\"elementor-container elementor-column-gap-narrow\">\n\t\t\t\t\t<div class=\"elementor-column elementor-col-100 elementor-top-column elementor-element elementor-element-46d38220\" data-id=\"46d38220\" data-element_type=\"column\" data-e-type=\"column\">\n\t\t\t<div class=\"elementor-widget-wrap elementor-element-populated\">\n\t\t\t\t\t\t<div class=\"elementor-element elementor-element-2154e0a7 ha-card--top ha-card--tablet-top ha-card--mobile-top elementor-widget elementor-widget-ha-card happy-addon ha-card\" data-id=\"2154e0a7\" data-element_type=\"widget\" data-e-type=\"widget\" data-widget_type=\"ha-card.default\">\n\t\t\t\t<div class=\"elementor-widget-container\">\n\t\t\t\t\t\n\t\t\t\t\t<figure class=\"ha-card-figure\">\n\t\t\t\t<img decoding=\"async\" width=\"2391\" height=\"739\" data-src=\"https:\/\/www.alpyland.com\/wp-content\/uploads\/2024\/10\/Prova2-1.png\" class=\"attachment-full size-full wp-image-22410 lazyload\" alt=\"foto di alpyland in inverno\" data-srcset=\"https:\/\/www.alpyland.com\/wp-content\/uploads\/2024\/10\/Prova2-1.png 2391w, https:\/\/www.alpyland.com\/wp-content\/uploads\/2024\/10\/Prova2-1-300x93.png 300w, https:\/\/www.alpyland.com\/wp-content\/uploads\/2024\/10\/Prova2-1-1024x316.png 1024w, https:\/\/www.alpyland.com\/wp-content\/uploads\/2024\/10\/Prova2-1-768x237.png 768w, https:\/\/www.alpyland.com\/wp-content\/uploads\/2024\/10\/Prova2-1-1536x475.png 1536w, https:\/\/www.alpyland.com\/wp-content\/uploads\/2024\/10\/Prova2-1-2048x633.png 2048w\" data-sizes=\"(max-width: 2391px) 100vw, 2391px\" src=\"data:image\/svg+xml;base64,PHN2ZyB3aWR0aD0iMSIgaGVpZ2h0PSIxIiB4bWxucz0iaHR0cDovL3d3dy53My5vcmcvMjAwMC9zdmciPjwvc3ZnPg==\" style=\"--smush-placeholder-width: 2391px; --smush-placeholder-aspect-ratio: 2391\/739;\" \/>\t\t\t\t\t\t\t\t\t<div class=\"ha-badge ha-badge--top-right\">Pour les groupes de plus de 20 personnes<\/div>\n\t\t\t\t\t\t\t<\/figure>\n\t\t\n\t\t<div class=\"ha-card-body\">\n\n\t\t\t<h3 class=\"ha-card-title\">Tarif groupes<\/h3>\n\t\t\t\t\t\t\t<div class=\"ha-card-text\">\n\t\t\t\t\t<p>Vous planifiez une visite \u00e0 Alpyland avec un groupe de personnes ?<\/p>\n\t\t\t\t<\/div>\n\t\t\t\n\t\t\t<a class=\"ha-btn\" href=\"mailto:%20mottarone@alpyland.com\"><span class=\"ha-btn-text\">Demandez-nous un devis<\/span><\/a>\t\t<\/div>\n\t\t\t\t\t\t<\/div>\n\t\t\t\t<\/div>\n\t\t\t\t\t<\/div>\n\t\t<\/div>\n\t\t\t\t\t<\/div>\n\t\t<\/section>\n\t\t\t\t<\/div>\n\t\t","protected":false},"excerpt":{"rendered":"<p>Acquista biglietto Achetez vos billets pour Alpyland confortablement en ligne ! Choisissez entre des courses individuelles ou des forfaits multi-courses. Vous pouvez \u00e9galement d\u00e9cider de les offrir pour faire vivre une exp\u00e9rience unique \u00e0 ceux que vous aimez ! Achetez d\u00e8s maintenant votre billet Informations importantes &#8211; Alpyland est une piste sur rail longue de [&hellip;]<\/p>\n","protected":false},"author":2,"featured_media":0,"parent":0,"menu_order":0,"comment_status":"closed","ping_status":"closed","template":"","meta":{"footnotes":""},"class_list":["post-24353","page","type-page","status-publish","hentry"],"_links":{"self":[{"href":"https:\/\/www.alpyland.com\/fr\/wp-json\/wp\/v2\/pages\/24353","targetHints":{"allow":["GET"]}}],"collection":[{"href":"https:\/\/www.alpyland.com\/fr\/wp-json\/wp\/v2\/pages"}],"about":[{"href":"https:\/\/www.alpyland.com\/fr\/wp-json\/wp\/v2\/types\/page"}],"author":[{"embeddable":true,"href":"https:\/\/www.alpyland.com\/fr\/wp-json\/wp\/v2\/users\/2"}],"replies":[{"embeddable":true,"href":"https:\/\/www.alpyland.com\/fr\/wp-json\/wp\/v2\/comments?post=24353"}],"version-history":[{"count":4,"href":"https:\/\/www.alpyland.com\/fr\/wp-json\/wp\/v2\/pages\/24353\/revisions"}],"predecessor-version":[{"id":24597,"href":"https:\/\/www.alpyland.com\/fr\/wp-json\/wp\/v2\/pages\/24353\/revisions\/24597"}],"wp:attachment":[{"href":"https:\/\/www.alpyland.com\/fr\/wp-json\/wp\/v2\/media?parent=24353"}],"curies":[{"name":"wp","href":"https:\/\/api.w.org\/{rel}","templated":true}]}}