{"id":24355,"date":"2026-03-18T12:18:37","date_gmt":"2026-03-18T11:18:37","guid":{"rendered":"https:\/\/www.alpyland.com\/cafe-alpyland\/"},"modified":"2026-04-01T12:25:47","modified_gmt":"2026-04-01T10:25:47","slug":"cafe-alpyland","status":"publish","type":"page","link":"https:\/\/www.alpyland.com\/fr\/cafe-alpyland\/","title":{"rendered":"Caf\u00e9 Alpyland"},"content":{"rendered":"\t\t<div data-elementor-type=\"wp-page\" data-elementor-id=\"24355\" class=\"elementor elementor-24355 elementor-131\" data-elementor-settings=\"{&quot;ha_cmc_init_switcher&quot;:&quot;no&quot;}\" data-elementor-post-type=\"page\">\n\t\t\t\t\t\t<section class=\"elementor-section elementor-top-section elementor-element elementor-element-56b37abe elementor-section-full_width elementor-section-height-min-height elementor-section-items-bottom elementor-section-stretched elementor-section-height-default\" data-id=\"56b37abe\" data-element_type=\"section\" data-e-type=\"section\" data-settings=\"{&quot;background_background&quot;:&quot;classic&quot;,&quot;stretch_section&quot;:&quot;section-stretched&quot;,&quot;_ha_eqh_enable&quot;:false}\">\n\t\t\t\t\t\t<div class=\"elementor-container elementor-column-gap-default\">\n\t\t\t\t\t<div class=\"elementor-column elementor-col-100 elementor-top-column elementor-element elementor-element-7aa70a15\" data-id=\"7aa70a15\" data-element_type=\"column\" data-e-type=\"column\">\n\t\t\t<div class=\"elementor-widget-wrap elementor-element-populated\">\n\t\t\t\t\t\t<div class=\"elementor-element elementor-element-778116e1 elementor-widget elementor-widget-heading\" data-id=\"778116e1\" data-element_type=\"widget\" data-e-type=\"widget\" data-widget_type=\"heading.default\">\n\t\t\t\t<div class=\"elementor-widget-container\">\n\t\t\t\t\t<h1 class=\"elementor-heading-title elementor-size-default\">Caf\u00e9 Alpyland<\/h1>\t\t\t\t<\/div>\n\t\t\t\t<\/div>\n\t\t\t\t<div class=\"elementor-element elementor-element-5ef578a2 elementor-view-default elementor-invisible elementor-widget elementor-widget-icon\" data-id=\"5ef578a2\" data-element_type=\"widget\" data-e-type=\"widget\" data-settings=\"{&quot;_animation&quot;:&quot;bounceInDown&quot;}\" data-widget_type=\"icon.default\">\n\t\t\t\t<div class=\"elementor-widget-container\">\n\t\t\t\t\t\t\t<div class=\"elementor-icon-wrapper\">\n\t\t\t<div class=\"elementor-icon\">\n\t\t\t<i aria-hidden=\"true\" class=\"fas fa-chevron-down\"><\/i>\t\t\t<\/div>\n\t\t<\/div>\n\t\t\t\t\t\t<\/div>\n\t\t\t\t<\/div>\n\t\t\t\t\t<\/div>\n\t\t<\/div>\n\t\t\t\t\t<\/div>\n\t\t<\/section>\n\t\t\t\t<section class=\"elementor-section elementor-top-section elementor-element elementor-element-13a31b68 elementor-section-height-min-height elementor-section-stretched elementor-section-boxed elementor-section-height-default elementor-section-items-middle\" data-id=\"13a31b68\" data-element_type=\"section\" data-e-type=\"section\" data-settings=\"{&quot;background_background&quot;:&quot;gradient&quot;,&quot;stretch_section&quot;:&quot;section-stretched&quot;,&quot;_ha_eqh_enable&quot;:false}\">\n\t\t\t\t\t\t<div class=\"elementor-container elementor-column-gap-default\">\n\t\t\t\t\t<div class=\"elementor-column elementor-col-100 elementor-top-column elementor-element elementor-element-9aae007\" data-id=\"9aae007\" data-element_type=\"column\" data-e-type=\"column\">\n\t\t\t<div class=\"elementor-widget-wrap elementor-element-populated\">\n\t\t\t\t\t\t<div class=\"elementor-element elementor-element-1d6be432 elementor-widget elementor-widget-text-editor\" data-id=\"1d6be432\" data-element_type=\"widget\" data-e-type=\"widget\" data-widget_type=\"text-editor.default\">\n\t\t\t\t<div class=\"elementor-widget-container\">\n\t\t\t\t\t\t\t\t\t<p>Alpyland Caf\u00e8 est le bar d&rsquo;Alpyland au sommet du Mottarone. \u00c0 50 m\u00e8tres de l&rsquo;entr\u00e9e de la billetterie d&rsquo;Alpyland, son panorama \u00e0 couper le souffle vous fera encore plus appr\u00e9cier un d\u00e9jeuner ou un ap\u00e9ritif en solitaire ou en compagnie, \u00e0 d\u00e9guster confortablement assis aux tables ou le long de la terrasse panoramique du bar. <\/p><p>Nous vous proposons une large s\u00e9lection de sandwichs, piadinas, charcuteries et fromages, tous typiques de la r\u00e9gion. Vous pouvez accompagner vos plats d&rsquo;une grande vari\u00e9t\u00e9 de bi\u00e8res, de vins, de cocktails et de boissons. <\/p><p>Nous sommes s\u00fbrs que notre ap\u00e9ritif avec les meilleurs produits locaux vous fera tomber \u00e0 la renverse !  <\/p>\t\t\t\t\t\t\t\t<\/div>\n\t\t\t\t<\/div>\n\t\t\t\t<section class=\"elementor-section elementor-inner-section elementor-element elementor-element-1047069b elementor-section-boxed elementor-section-height-default elementor-section-height-default\" data-id=\"1047069b\" data-element_type=\"section\" data-e-type=\"section\" data-settings=\"{&quot;_ha_eqh_enable&quot;:false}\">\n\t\t\t\t\t\t<div class=\"elementor-container elementor-column-gap-narrow\">\n\t\t\t\t\t<div class=\"elementor-column elementor-col-50 elementor-inner-column elementor-element elementor-element-71cc030\" data-id=\"71cc030\" data-element_type=\"column\" data-e-type=\"column\">\n\t\t\t<div class=\"elementor-widget-wrap elementor-element-populated\">\n\t\t\t\t\t\t<div class=\"elementor-element elementor-element-130efaba elementor-align-right elementor-mobile-align-center elementor-invisible elementor-widget elementor-widget-button\" data-id=\"130efaba\" data-element_type=\"widget\" data-e-type=\"widget\" data-settings=\"{&quot;_animation&quot;:&quot;fadeIn&quot;}\" data-widget_type=\"button.default\">\n\t\t\t\t<div class=\"elementor-widget-container\">\n\t\t\t\t\t\t\t\t\t<div class=\"elementor-button-wrapper\">\n\t\t\t\t\t<a class=\"elementor-button elementor-button-link elementor-size-sm\" href=\"https:\/\/www.alpyland.com\/fr\/informations\/#calendario\">\n\t\t\t\t\t\t<span class=\"elementor-button-content-wrapper\">\n\t\t\t\t\t\t<span class=\"elementor-button-icon\">\n\t\t\t\t<i aria-hidden=\"true\" class=\"far fa-calendar-alt\"><\/i>\t\t\t<\/span>\n\t\t\t\t\t\t\t\t\t<span class=\"elementor-button-text\">Dates d'ouverture<\/span>\n\t\t\t\t\t<\/span>\n\t\t\t\t\t<\/a>\n\t\t\t\t<\/div>\n\t\t\t\t\t\t\t\t<\/div>\n\t\t\t\t<\/div>\n\t\t\t\t\t<\/div>\n\t\t<\/div>\n\t\t\t\t<div class=\"elementor-column elementor-col-50 elementor-inner-column elementor-element elementor-element-bd86697\" data-id=\"bd86697\" data-element_type=\"column\" data-e-type=\"column\">\n\t\t\t<div class=\"elementor-widget-wrap elementor-element-populated\">\n\t\t\t\t\t\t<div class=\"elementor-element elementor-element-437114a4 elementor-align-left elementor-mobile-align-center elementor-invisible elementor-widget elementor-widget-button\" data-id=\"437114a4\" data-element_type=\"widget\" data-e-type=\"widget\" data-settings=\"{&quot;_animation&quot;:&quot;fadeIn&quot;}\" data-widget_type=\"button.default\">\n\t\t\t\t<div class=\"elementor-widget-container\">\n\t\t\t\t\t\t\t\t\t<div class=\"elementor-button-wrapper\">\n\t\t\t\t\t<a class=\"elementor-button elementor-button-link elementor-size-sm\" href=\"#come-raggiungerci\">\n\t\t\t\t\t\t<span class=\"elementor-button-content-wrapper\">\n\t\t\t\t\t\t<span class=\"elementor-button-icon\">\n\t\t\t\t<i aria-hidden=\"true\" class=\"huge huge-store-location-01\"><\/i>\t\t\t<\/span>\n\t\t\t\t\t\t\t\t\t<span class=\"elementor-button-text\">Comment nous joindre<\/span>\n\t\t\t\t\t<\/span>\n\t\t\t\t\t<\/a>\n\t\t\t\t<\/div>\n\t\t\t\t\t\t\t\t<\/div>\n\t\t\t\t<\/div>\n\t\t\t\t\t<\/div>\n\t\t<\/div>\n\t\t\t\t\t<\/div>\n\t\t<\/section>\n\t\t\t\t\t<\/div>\n\t\t<\/div>\n\t\t\t\t\t<\/div>\n\t\t<\/section>\n\t\t\t\t<section class=\"elementor-section elementor-top-section elementor-element elementor-element-6cce4abf elementor-section-stretched elementor-section-boxed elementor-section-height-default elementor-section-height-default\" data-id=\"6cce4abf\" data-element_type=\"section\" data-e-type=\"section\" data-settings=\"{&quot;background_background&quot;:&quot;gradient&quot;,&quot;stretch_section&quot;:&quot;section-stretched&quot;,&quot;_ha_eqh_enable&quot;:false}\">\n\t\t\t\t\t\t<div class=\"elementor-container elementor-column-gap-narrow\">\n\t\t\t\t\t<div class=\"elementor-column elementor-col-100 elementor-top-column elementor-element elementor-element-65ea6c04\" data-id=\"65ea6c04\" data-element_type=\"column\" data-e-type=\"column\">\n\t\t\t<div class=\"elementor-widget-wrap elementor-element-populated\">\n\t\t\t\t\t\t<section class=\"elementor-section elementor-inner-section elementor-element elementor-element-1381efa6 elementor-section-boxed elementor-section-height-default elementor-section-height-default\" data-id=\"1381efa6\" data-element_type=\"section\" data-e-type=\"section\" data-settings=\"{&quot;_ha_eqh_enable&quot;:&quot;yes&quot;,&quot;_ha_eqh_widget&quot;:[&quot;ha-card&quot;],&quot;_ha_eqh_to&quot;:&quot;widget&quot;,&quot;_ha_eqh_disable_on_tablet&quot;:&quot;no&quot;,&quot;_ha_eqh_disable_on_mobile&quot;:&quot;yes&quot;}\">\n\t\t\t\t\t\t<div class=\"elementor-container elementor-column-gap-extended\">\n\t\t\t\t\t<div class=\"elementor-column elementor-col-100 elementor-inner-column elementor-element elementor-element-6c3d9401 elementor-invisible\" data-id=\"6c3d9401\" data-element_type=\"column\" data-e-type=\"column\" data-settings=\"{&quot;background_background&quot;:&quot;classic&quot;,&quot;animation&quot;:&quot;fadeIn&quot;}\">\n\t\t\t<div class=\"elementor-widget-wrap elementor-element-populated\">\n\t\t\t\t\t\t<div class=\"elementor-element elementor-element-71723099 ha-card--top ha-card--tablet-top ha-card--mobile-top elementor-widget elementor-widget-ha-card happy-addon ha-card\" data-id=\"71723099\" data-element_type=\"widget\" data-e-type=\"widget\" data-widget_type=\"ha-card.default\">\n\t\t\t\t<div class=\"elementor-widget-container\">\n\t\t\t\t\t\n\t\t\t\t\t<figure class=\"ha-card-figure\">\n\t\t\t\t<img fetchpriority=\"high\" decoding=\"async\" width=\"2561\" height=\"1144\" src=\"https:\/\/www.alpyland.com\/wp-content\/uploads\/2024\/10\/alpyland-cafe.jpg\" class=\"attachment-full size-full wp-image-22346\" alt=\"foto di un aperitivo al bar di alpyland che si chiama alpyland caf\u00e8, in vetta al monte mottarone con vista sul lago maggiore\" srcset=\"https:\/\/www.alpyland.com\/wp-content\/uploads\/2024\/10\/alpyland-cafe.jpg 2561w, https:\/\/www.alpyland.com\/wp-content\/uploads\/2024\/10\/alpyland-cafe-300x134.jpg 300w, https:\/\/www.alpyland.com\/wp-content\/uploads\/2024\/10\/alpyland-cafe-1024x457.jpg 1024w, https:\/\/www.alpyland.com\/wp-content\/uploads\/2024\/10\/alpyland-cafe-768x343.jpg 768w, https:\/\/www.alpyland.com\/wp-content\/uploads\/2024\/10\/alpyland-cafe-1536x686.jpg 1536w, https:\/\/www.alpyland.com\/wp-content\/uploads\/2024\/10\/alpyland-cafe-2048x915.jpg 2048w\" sizes=\"(max-width: 2561px) 100vw, 2561px\" \/>\t\t\t\t\t\t\t\t\t<div class=\"ha-badge ha-badge--top-right\">Id\u00e9al pour vos occasions sp\u00e9ciales !<\/div>\n\t\t\t\t\t\t\t<\/figure>\n\t\t\n\t\t<div class=\"ha-card-body\">\n\n\t\t\t\n\t\t\t\t\t\t\t<div class=\"ha-card-text\">\n\t\t\t\t\t<p>Si vous \u00eates \u00e0 la recherche d'un cadre unique et atmosph\u00e9rique pour c\u00e9l\u00e9brer un anniversaire, un enterrement de vie de jeune fille ou de gar\u00e7on ou un team building inoubliable, vous \u00eates au bon endroit !\n\nL'Alpyland Caf\u00e9 s'engage \u00e0 vous faire vivre une exp\u00e9rience m\u00e9morable, \u00e0 vous et \u00e0 vos amis. Notre ambiance chaleureuse et charmante, entour\u00e9e de la beaut\u00e9 des montagnes, cr\u00e9e le cadre parfait pour des souvenirs inoubliables.   <\/p>\n\t\t\t\t<\/div>\n\t\t\t\n\t\t\t<a class=\"ha-btn\" href=\"\"><span class=\"ha-btn-text\">\u00c9crivez-nous pour obtenir des informations<\/span><\/a>\t\t<\/div>\n\t\t\t\t\t\t<\/div>\n\t\t\t\t<\/div>\n\t\t\t\t\t<\/div>\n\t\t<\/div>\n\t\t\t\t\t<\/div>\n\t\t<\/section>\n\t\t\t\t\t<\/div>\n\t\t<\/div>\n\t\t\t\t\t<\/div>\n\t\t<\/section>\n\t\t\t\t<\/div>\n\t\t","protected":false},"excerpt":{"rendered":"<p>Caf\u00e9 Alpyland Alpyland Caf\u00e8 est le bar d&rsquo;Alpyland au sommet du Mottarone. \u00c0 50 m\u00e8tres de l&rsquo;entr\u00e9e de la billetterie d&rsquo;Alpyland, son panorama \u00e0 couper le souffle vous fera encore plus appr\u00e9cier un d\u00e9jeuner ou un ap\u00e9ritif en solitaire ou en compagnie, \u00e0 d\u00e9guster confortablement assis aux tables ou le long de la terrasse panoramique [&hellip;]<\/p>\n","protected":false},"author":2,"featured_media":0,"parent":0,"menu_order":0,"comment_status":"closed","ping_status":"closed","template":"","meta":{"footnotes":""},"class_list":["post-24355","page","type-page","status-publish","hentry"],"_links":{"self":[{"href":"https:\/\/www.alpyland.com\/fr\/wp-json\/wp\/v2\/pages\/24355","targetHints":{"allow":["GET"]}}],"collection":[{"href":"https:\/\/www.alpyland.com\/fr\/wp-json\/wp\/v2\/pages"}],"about":[{"href":"https:\/\/www.alpyland.com\/fr\/wp-json\/wp\/v2\/types\/page"}],"author":[{"embeddable":true,"href":"https:\/\/www.alpyland.com\/fr\/wp-json\/wp\/v2\/users\/2"}],"replies":[{"embeddable":true,"href":"https:\/\/www.alpyland.com\/fr\/wp-json\/wp\/v2\/comments?post=24355"}],"version-history":[{"count":4,"href":"https:\/\/www.alpyland.com\/fr\/wp-json\/wp\/v2\/pages\/24355\/revisions"}],"predecessor-version":[{"id":24649,"href":"https:\/\/www.alpyland.com\/fr\/wp-json\/wp\/v2\/pages\/24355\/revisions\/24649"}],"wp:attachment":[{"href":"https:\/\/www.alpyland.com\/fr\/wp-json\/wp\/v2\/media?parent=24355"}],"curies":[{"name":"wp","href":"https:\/\/api.w.org\/{rel}","templated":true}]}}