{"id":24391,"date":"2026-03-18T12:59:16","date_gmt":"2026-03-18T11:59:16","guid":{"rendered":"https:\/\/www.alpyland.com\/tarifs\/"},"modified":"2026-04-01T12:13:34","modified_gmt":"2026-04-01T10:13:34","slug":"tarifs","status":"publish","type":"page","link":"https:\/\/www.alpyland.com\/fr\/tarifs\/","title":{"rendered":"Tarifs"},"content":{"rendered":"\t\t<div data-elementor-type=\"wp-page\" data-elementor-id=\"24391\" class=\"elementor elementor-24391 elementor-116\" data-elementor-settings=\"{&quot;ha_cmc_init_switcher&quot;:&quot;no&quot;}\" data-elementor-post-type=\"page\">\n\t\t\t\t\t\t<section class=\"elementor-section elementor-top-section elementor-element elementor-element-5dca7485 elementor-section-full_width elementor-section-height-min-height elementor-section-items-bottom elementor-section-stretched elementor-section-height-default\" data-id=\"5dca7485\" data-element_type=\"section\" data-e-type=\"section\" data-settings=\"{&quot;background_background&quot;:&quot;classic&quot;,&quot;stretch_section&quot;:&quot;section-stretched&quot;,&quot;_ha_eqh_enable&quot;:false}\">\n\t\t\t\t\t\t<div class=\"elementor-container elementor-column-gap-default\">\n\t\t\t\t\t<div class=\"elementor-column elementor-col-100 elementor-top-column elementor-element elementor-element-3025d515\" data-id=\"3025d515\" data-element_type=\"column\" data-e-type=\"column\">\n\t\t\t<div class=\"elementor-widget-wrap elementor-element-populated\">\n\t\t\t\t\t\t<div class=\"elementor-element elementor-element-3c8ae381 elementor-widget elementor-widget-heading\" data-id=\"3c8ae381\" data-element_type=\"widget\" data-e-type=\"widget\" data-widget_type=\"heading.default\">\n\t\t\t\t<div class=\"elementor-widget-container\">\n\t\t\t\t\t<h1 class=\"elementor-heading-title elementor-size-default\">tarifs<\/h1>\t\t\t\t<\/div>\n\t\t\t\t<\/div>\n\t\t\t\t<div class=\"elementor-element elementor-element-23cba3 elementor-view-default elementor-invisible elementor-widget elementor-widget-icon\" data-id=\"23cba3\" data-element_type=\"widget\" data-e-type=\"widget\" data-settings=\"{&quot;_animation&quot;:&quot;bounceInDown&quot;}\" data-widget_type=\"icon.default\">\n\t\t\t\t<div class=\"elementor-widget-container\">\n\t\t\t\t\t\t\t<div class=\"elementor-icon-wrapper\">\n\t\t\t<div class=\"elementor-icon\">\n\t\t\t<i aria-hidden=\"true\" class=\"fas fa-chevron-down\"><\/i>\t\t\t<\/div>\n\t\t<\/div>\n\t\t\t\t\t\t<\/div>\n\t\t\t\t<\/div>\n\t\t\t\t\t<\/div>\n\t\t<\/div>\n\t\t\t\t\t<\/div>\n\t\t<\/section>\n\t\t\t\t<section class=\"elementor-section elementor-top-section elementor-element elementor-element-72c93dda elementor-section-height-min-height elementor-section-stretched elementor-section-boxed elementor-section-height-default elementor-section-items-middle\" data-id=\"72c93dda\" data-element_type=\"section\" data-e-type=\"section\" data-settings=\"{&quot;background_background&quot;:&quot;gradient&quot;,&quot;stretch_section&quot;:&quot;section-stretched&quot;,&quot;_ha_eqh_enable&quot;:false}\">\n\t\t\t\t\t\t<div class=\"elementor-container elementor-column-gap-default\">\n\t\t\t\t\t<div class=\"elementor-column elementor-col-100 elementor-top-column elementor-element elementor-element-60ba1a50\" data-id=\"60ba1a50\" data-element_type=\"column\" data-e-type=\"column\">\n\t\t\t<div class=\"elementor-widget-wrap elementor-element-populated\">\n\t\t\t\t\t\t<div class=\"elementor-element elementor-element-2f9b1d79 elementor-widget elementor-widget-text-editor\" data-id=\"2f9b1d79\" data-element_type=\"widget\" data-e-type=\"widget\" data-widget_type=\"text-editor.default\">\n\t\t\t\t<div class=\"elementor-widget-container\">\n\t\t\t\t\t\t\t\t\t<p>Nos tarifs se divisent en courses \u00e0 tarif r\u00e9duit, r\u00e9serv\u00e9es aux enfants de 4 \u00e0 9 ans (avec une taille comprise entre 100 et 120 cm), et en courses \u00e0 plein tarif, pour les enfants de plus de 9 ans (avec une taille sup\u00e9rieure \u00e0 120 cm) et les adultes. Les courses sont comptabilis\u00e9es par personne, chaque personne paie donc une course. <\/p>\t\t\t\t\t\t\t\t<\/div>\n\t\t\t\t<\/div>\n\t\t\t\t<section class=\"elementor-section elementor-inner-section elementor-element elementor-element-55b02423 elementor-section-boxed elementor-section-height-default elementor-section-height-default\" data-id=\"55b02423\" data-element_type=\"section\" data-e-type=\"section\" data-settings=\"{&quot;_ha_eqh_enable&quot;:false}\">\n\t\t\t\t\t\t<div class=\"elementor-container elementor-column-gap-narrow\">\n\t\t\t\t\t<div class=\"elementor-column elementor-col-100 elementor-inner-column elementor-element elementor-element-1e2acb8\" data-id=\"1e2acb8\" data-element_type=\"column\" data-e-type=\"column\">\n\t\t\t<div class=\"elementor-widget-wrap elementor-element-populated\">\n\t\t\t\t\t\t<div class=\"elementor-element elementor-element-583ed38 elementor-align-center elementor-invisible elementor-widget elementor-widget-button\" data-id=\"583ed38\" data-element_type=\"widget\" data-e-type=\"widget\" data-settings=\"{&quot;_animation&quot;:&quot;fadeIn&quot;}\" data-widget_type=\"button.default\">\n\t\t\t\t<div class=\"elementor-widget-container\">\n\t\t\t\t\t\t\t\t\t<div class=\"elementor-button-wrapper\">\n\t\t\t\t\t<a class=\"elementor-button elementor-button-link elementor-size-sm\" href=\"https:\/\/www.alpyland.com\/fr\/acheter-un-billet\/\">\n\t\t\t\t\t\t<span class=\"elementor-button-content-wrapper\">\n\t\t\t\t\t\t<span class=\"elementor-button-icon\">\n\t\t\t\t<i aria-hidden=\"true\" class=\"fas fa-shopping-cart\"><\/i>\t\t\t<\/span>\n\t\t\t\t\t\t\t\t\t<span class=\"elementor-button-text\">Achetez d\u00e8s maintenant votre billet<\/span>\n\t\t\t\t\t<\/span>\n\t\t\t\t\t<\/a>\n\t\t\t\t<\/div>\n\t\t\t\t\t\t\t\t<\/div>\n\t\t\t\t<\/div>\n\t\t\t\t\t<\/div>\n\t\t<\/div>\n\t\t\t\t\t<\/div>\n\t\t<\/section>\n\t\t\t\t\t<\/div>\n\t\t<\/div>\n\t\t\t\t\t<\/div>\n\t\t<\/section>\n\t\t\t\t<section class=\"elementor-section elementor-top-section elementor-element elementor-element-7f77daec elementor-section-height-min-height elementor-section-stretched elementor-section-boxed elementor-section-height-default elementor-section-items-middle\" data-id=\"7f77daec\" data-element_type=\"section\" data-e-type=\"section\" data-settings=\"{&quot;background_background&quot;:&quot;classic&quot;,&quot;stretch_section&quot;:&quot;section-stretched&quot;,&quot;_ha_eqh_enable&quot;:false}\">\n\t\t\t\t\t\t<div class=\"elementor-container elementor-column-gap-narrow\">\n\t\t\t\t\t<div class=\"elementor-column elementor-col-100 elementor-top-column elementor-element elementor-element-1c692d5e\" data-id=\"1c692d5e\" data-element_type=\"column\" data-e-type=\"column\">\n\t\t\t<div class=\"elementor-widget-wrap elementor-element-populated\">\n\t\t\t\t\t\t<section class=\"elementor-section elementor-inner-section elementor-element elementor-element-2b74e0a6 elementor-section-boxed elementor-section-height-default elementor-section-height-default\" data-id=\"2b74e0a6\" data-element_type=\"section\" data-e-type=\"section\" data-settings=\"{&quot;_ha_eqh_enable&quot;:&quot;yes&quot;,&quot;_ha_eqh_widget&quot;:[&quot;ha-card&quot;],&quot;_ha_eqh_to&quot;:&quot;widget&quot;,&quot;_ha_eqh_disable_on_tablet&quot;:&quot;no&quot;,&quot;_ha_eqh_disable_on_mobile&quot;:&quot;yes&quot;}\">\n\t\t\t\t\t\t<div class=\"elementor-container elementor-column-gap-extended\">\n\t\t\t\t\t<div class=\"elementor-column elementor-col-33 elementor-inner-column elementor-element elementor-element-48936e5f elementor-invisible\" data-id=\"48936e5f\" data-element_type=\"column\" data-e-type=\"column\" data-settings=\"{&quot;background_background&quot;:&quot;classic&quot;,&quot;animation&quot;:&quot;fadeIn&quot;}\">\n\t\t\t<div class=\"elementor-widget-wrap elementor-element-populated\">\n\t\t\t\t\t\t<div class=\"elementor-element elementor-element-f300f19 ha-card--top ha-card--tablet-top ha-card--mobile-top elementor-widget elementor-widget-ha-card happy-addon ha-card\" data-id=\"f300f19\" data-element_type=\"widget\" data-e-type=\"widget\" data-widget_type=\"ha-card.default\">\n\t\t\t\t<div class=\"elementor-widget-container\">\n\t\t\t\t\t\n\t\t\n\t\t<div class=\"ha-card-body\">\n\n\t\t\t<h3 class=\"ha-card-title\">Comment \u00e7a fonctionne ?<\/h3>\n\t\t\t\t\t\t\t<div class=\"ha-card-text\">\n\t\t\t\t\t<p>Alpyland est une piste sur rail longue de 1 200 m\u00e8tres, compos\u00e9e d\u2019une descente et d\u2019une remont\u00e9e automatique. Les luges sont toutes biplaces.  Il est donc possible de monter seul ou \u00e0 deux. <\/p>\n\t\t\t\t<\/div>\n\t\t\t\n\t\t\t\t\t<\/div>\n\t\t\t\t\t\t<\/div>\n\t\t\t\t<\/div>\n\t\t\t\t\t<\/div>\n\t\t<\/div>\n\t\t\t\t<div class=\"elementor-column elementor-col-33 elementor-inner-column elementor-element elementor-element-1552f529 elementor-invisible\" data-id=\"1552f529\" data-element_type=\"column\" data-e-type=\"column\" data-settings=\"{&quot;background_background&quot;:&quot;classic&quot;,&quot;animation&quot;:&quot;fadeIn&quot;}\">\n\t\t\t<div class=\"elementor-widget-wrap elementor-element-populated\">\n\t\t\t\t\t\t<div class=\"elementor-element elementor-element-5f77e34b ha-card--top ha-card--tablet-top ha-card--mobile-top elementor-widget elementor-widget-ha-card happy-addon ha-card\" data-id=\"5f77e34b\" data-element_type=\"widget\" data-e-type=\"widget\" data-widget_type=\"ha-card.default\">\n\t\t\t\t<div class=\"elementor-widget-container\">\n\t\t\t\t\t\n\t\t\n\t\t<div class=\"ha-card-body\">\n\n\t\t\t<h3 class=\"ha-card-title\">Les courses peuvent-elles \u00eatre partag\u00e9es ?<\/h3>\n\t\t\t\t\t\t\t<div class=\"ha-card-text\">\n\t\t\t\t\t<p>Les courses sont comptabilis\u00e9es par personne. Les forfaits multi-courses achet\u00e9s peuvent \u00eatre partag\u00e9s entre plusieurs personnes. Par exemple, si deux personnes ach\u00e8tent 4 courses, chacune peut en utiliser 2.  <\/p>\n\t\t\t\t<\/div>\n\t\t\t\n\t\t\t\t\t<\/div>\n\t\t\t\t\t\t<\/div>\n\t\t\t\t<\/div>\n\t\t\t\t\t<\/div>\n\t\t<\/div>\n\t\t\t\t<div class=\"elementor-column elementor-col-33 elementor-inner-column elementor-element elementor-element-3f1c8be4 elementor-invisible\" data-id=\"3f1c8be4\" data-element_type=\"column\" data-e-type=\"column\" data-settings=\"{&quot;background_background&quot;:&quot;classic&quot;,&quot;animation&quot;:&quot;fadeIn&quot;}\">\n\t\t\t<div class=\"elementor-widget-wrap elementor-element-populated\">\n\t\t\t\t\t\t<div class=\"elementor-element elementor-element-541e83c0 ha-card--top ha-card--tablet-top ha-card--mobile-top elementor-widget elementor-widget-ha-card happy-addon ha-card\" data-id=\"541e83c0\" data-element_type=\"widget\" data-e-type=\"widget\" data-widget_type=\"ha-card.default\">\n\t\t\t\t<div class=\"elementor-widget-container\">\n\t\t\t\t\t\n\t\t\n\t\t<div class=\"ha-card-body\">\n\n\t\t\t<h3 class=\"ha-card-title\">Les enfants paient-ils ?<\/h3>\n\t\t\t\t\t\t\t<div class=\"ha-card-text\">\n\t\t\t\t\t<p>Pour des raisons de s\u00e9curit\u00e9, tous les enfants ayant au moins 4 ans et une taille minimale de 100 cm peuvent acc\u00e9der \u00e0 l\u2019installation. Le tarif r\u00e9duit est r\u00e9serv\u00e9 aux enfants mesurant moins de 120 cm. <\/p>\n\t\t\t\t<\/div>\n\t\t\t\n\t\t\t\t\t<\/div>\n\t\t\t\t\t\t<\/div>\n\t\t\t\t<\/div>\n\t\t\t\t\t<\/div>\n\t\t<\/div>\n\t\t\t\t\t<\/div>\n\t\t<\/section>\n\t\t\t\t\t<\/div>\n\t\t<\/div>\n\t\t\t\t\t<\/div>\n\t\t<\/section>\n\t\t\t\t<section class=\"elementor-section elementor-top-section elementor-element elementor-element-7efacbdf elementor-section-stretched elementor-section-boxed elementor-section-height-default elementor-section-height-default\" data-id=\"7efacbdf\" data-element_type=\"section\" data-e-type=\"section\" data-settings=\"{&quot;background_background&quot;:&quot;classic&quot;,&quot;stretch_section&quot;:&quot;section-stretched&quot;,&quot;_ha_eqh_enable&quot;:false}\">\n\t\t\t\t\t\t<div class=\"elementor-container elementor-column-gap-narrow\">\n\t\t\t\t\t<div class=\"elementor-column elementor-col-100 elementor-top-column elementor-element elementor-element-53273251\" data-id=\"53273251\" data-element_type=\"column\" data-e-type=\"column\">\n\t\t\t<div class=\"elementor-widget-wrap elementor-element-populated\">\n\t\t\t\t\t\t<div class=\"elementor-element elementor-element-207b653e elementor-widget elementor-widget-text-editor\" data-id=\"207b653e\" data-element_type=\"widget\" data-e-type=\"widget\" data-widget_type=\"text-editor.default\">\n\t\t\t\t<div class=\"elementor-widget-container\">\n\t\t\t\t\t\t\t\t\t<p>Avez-vous besoin de plus d\u2019informations concernant notre structure ?<\/p>\t\t\t\t\t\t\t\t<\/div>\n\t\t\t\t<\/div>\n\t\t\t\t<section class=\"elementor-section elementor-inner-section elementor-element elementor-element-1bc211fb elementor-section-boxed elementor-section-height-default elementor-section-height-default\" data-id=\"1bc211fb\" data-element_type=\"section\" data-e-type=\"section\" data-settings=\"{&quot;_ha_eqh_enable&quot;:false}\">\n\t\t\t\t\t\t<div class=\"elementor-container elementor-column-gap-narrow\">\n\t\t\t\t\t<div class=\"elementor-column elementor-col-50 elementor-inner-column elementor-element elementor-element-55af5faf\" data-id=\"55af5faf\" data-element_type=\"column\" data-e-type=\"column\">\n\t\t\t<div class=\"elementor-widget-wrap elementor-element-populated\">\n\t\t\t\t\t\t<div class=\"elementor-element elementor-element-3f10bcdc elementor-align-right elementor-mobile-align-center elementor-invisible elementor-widget elementor-widget-button\" data-id=\"3f10bcdc\" data-element_type=\"widget\" data-e-type=\"widget\" data-settings=\"{&quot;_animation&quot;:&quot;fadeIn&quot;}\" data-widget_type=\"button.default\">\n\t\t\t\t<div class=\"elementor-widget-container\">\n\t\t\t\t\t\t\t\t\t<div class=\"elementor-button-wrapper\">\n\t\t\t\t\t<a class=\"elementor-button elementor-button-link elementor-size-sm\" href=\"https:\/\/www.alpyland.com\/fr\/faq\/\">\n\t\t\t\t\t\t<span class=\"elementor-button-content-wrapper\">\n\t\t\t\t\t\t<span class=\"elementor-button-icon\">\n\t\t\t\t<i aria-hidden=\"true\" class=\"far fa-question-circle\"><\/i>\t\t\t<\/span>\n\t\t\t\t\t\t\t\t\t<span class=\"elementor-button-text\">Consultez la FAQ<\/span>\n\t\t\t\t\t<\/span>\n\t\t\t\t\t<\/a>\n\t\t\t\t<\/div>\n\t\t\t\t\t\t\t\t<\/div>\n\t\t\t\t<\/div>\n\t\t\t\t\t<\/div>\n\t\t<\/div>\n\t\t\t\t<div class=\"elementor-column elementor-col-50 elementor-inner-column elementor-element elementor-element-20776ad5\" data-id=\"20776ad5\" data-element_type=\"column\" data-e-type=\"column\">\n\t\t\t<div class=\"elementor-widget-wrap elementor-element-populated\">\n\t\t\t\t\t\t<div class=\"elementor-element elementor-element-2e14c253 elementor-align-left elementor-mobile-align-center elementor-invisible elementor-widget elementor-widget-button\" data-id=\"2e14c253\" data-element_type=\"widget\" data-e-type=\"widget\" data-settings=\"{&quot;_animation&quot;:&quot;fadeIn&quot;}\" data-widget_type=\"button.default\">\n\t\t\t\t<div class=\"elementor-widget-container\">\n\t\t\t\t\t\t\t\t\t<div class=\"elementor-button-wrapper\">\n\t\t\t\t\t<a class=\"elementor-button elementor-button-link elementor-size-sm\" href=\"https:\/\/www.alpyland.com\/fr\/reglement\/\">\n\t\t\t\t\t\t<span class=\"elementor-button-content-wrapper\">\n\t\t\t\t\t\t<span class=\"elementor-button-icon\">\n\t\t\t\t<i aria-hidden=\"true\" class=\"fas fa-info-circle\"><\/i>\t\t\t<\/span>\n\t\t\t\t\t\t\t\t\t<span class=\"elementor-button-text\">Consultez le r\u00e8glement<\/span>\n\t\t\t\t\t<\/span>\n\t\t\t\t\t<\/a>\n\t\t\t\t<\/div>\n\t\t\t\t\t\t\t\t<\/div>\n\t\t\t\t<\/div>\n\t\t\t\t\t<\/div>\n\t\t<\/div>\n\t\t\t\t\t<\/div>\n\t\t<\/section>\n\t\t\t\t\t<\/div>\n\t\t<\/div>\n\t\t\t\t\t<\/div>\n\t\t<\/section>\n\t\t\t\t<section class=\"elementor-section elementor-top-section elementor-element elementor-element-5226b999 elementor-section-height-min-height elementor-section-stretched elementor-section-boxed elementor-section-height-default elementor-section-items-middle\" data-id=\"5226b999\" data-element_type=\"section\" data-e-type=\"section\" data-settings=\"{&quot;background_background&quot;:&quot;gradient&quot;,&quot;stretch_section&quot;:&quot;section-stretched&quot;,&quot;_ha_eqh_enable&quot;:false}\">\n\t\t\t\t\t\t<div class=\"elementor-container elementor-column-gap-narrow\">\n\t\t\t\t\t<div class=\"elementor-column elementor-col-100 elementor-top-column elementor-element elementor-element-54e8976e\" data-id=\"54e8976e\" data-element_type=\"column\" data-e-type=\"column\">\n\t\t\t<div class=\"elementor-widget-wrap elementor-element-populated\">\n\t\t\t\t\t\t<section class=\"elementor-section elementor-inner-section elementor-element elementor-element-6208c35d elementor-section-boxed elementor-section-height-default elementor-section-height-default\" data-id=\"6208c35d\" data-element_type=\"section\" data-e-type=\"section\" data-settings=\"{&quot;_ha_eqh_enable&quot;:&quot;yes&quot;,&quot;_ha_eqh_widget&quot;:[&quot;ha-card&quot;],&quot;_ha_eqh_to&quot;:&quot;widget&quot;,&quot;_ha_eqh_disable_on_tablet&quot;:&quot;no&quot;,&quot;_ha_eqh_disable_on_mobile&quot;:&quot;yes&quot;}\">\n\t\t\t\t\t\t<div class=\"elementor-container elementor-column-gap-extended\">\n\t\t\t\t\t<div class=\"elementor-column elementor-col-50 elementor-inner-column elementor-element elementor-element-3a992699 elementor-invisible\" data-id=\"3a992699\" data-element_type=\"column\" data-e-type=\"column\" data-settings=\"{&quot;background_background&quot;:&quot;classic&quot;,&quot;animation&quot;:&quot;fadeIn&quot;}\">\n\t\t\t<div class=\"elementor-widget-wrap elementor-element-populated\">\n\t\t\t\t\t\t<div class=\"elementor-element elementor-element-39120b71 ha-card--top ha-card--tablet-top ha-card--mobile-top elementor-widget elementor-widget-ha-card happy-addon ha-card\" data-id=\"39120b71\" data-element_type=\"widget\" data-e-type=\"widget\" data-widget_type=\"ha-card.default\">\n\t\t\t\t<div class=\"elementor-widget-container\">\n\t\t\t\t\t\n\t\t\t\t\t<figure class=\"ha-card-figure\">\n\t\t\t\t<img fetchpriority=\"high\" decoding=\"async\" width=\"1024\" height=\"576\" src=\"https:\/\/www.alpyland.com\/wp-content\/uploads\/2024\/10\/Titolo-6-1024x576.jpg\" class=\"attachment-large size-large wp-image-22656\" alt=\"Due ragazze sul bob di Alpyland in vetta al Mottarone. Sullo sfondo si ammira in panorama su Stresa, il lago Maggio e le Isole Borromee.\" srcset=\"https:\/\/www.alpyland.com\/wp-content\/uploads\/2024\/10\/Titolo-6-1024x576.jpg 1024w, https:\/\/www.alpyland.com\/wp-content\/uploads\/2024\/10\/Titolo-6-300x169.jpg 300w, https:\/\/www.alpyland.com\/wp-content\/uploads\/2024\/10\/Titolo-6-768x432.jpg 768w, https:\/\/www.alpyland.com\/wp-content\/uploads\/2024\/10\/Titolo-6-1536x864.jpg 1536w\" sizes=\"(max-width: 1024px) 100vw, 1024px\" \/>\t\t\t\t\t\t\t\t\t<div class=\"ha-badge ha-badge--top-right\">Enfants de 4 \u00e0 9 ans (avec une taille de 100 \u00e0 120 cm)<\/div>\n\t\t\t\t\t\t\t<\/figure>\n\t\t\n\t\t<div class=\"ha-card-body\">\n\n\t\t\t<h3 class=\"ha-card-title\">Tarifs r\u00e9duits<\/h3>\n\t\t\t\t\t\t\t<div class=\"ha-card-text\">\n\t\t\t\t\t<p>Trajet simple (tarif r\u00e9duit) ..... 5,50 \u20ac<br>Deux trajets (tarif r\u00e9duit) ............ 11,00 \u20ac<br>Trois trajets (tarif r\u00e9duit) ............ 16,50 \u20ac<br>Quatre trajets (tarif r\u00e9duit) .......... 19,00 \u20ac<br>Cinq trajets (tarif r\u00e9duit) ............ 23,50 \u20ac<br>Six trajets (tarif r\u00e9duit) .............. 28,00 \u20ac<br>Huit trajets (tarif r\u00e9duit) ............ 37,00 \u20ac<br>Dix trajets (tarif r\u00e9duit) ............. 43,00 \u20ac    <\/p>\n\t\t\t\t<\/div>\n\t\t\t\n\t\t\t\t\t<\/div>\n\t\t\t\t\t\t<\/div>\n\t\t\t\t<\/div>\n\t\t\t\t\t<\/div>\n\t\t<\/div>\n\t\t\t\t<div class=\"elementor-column elementor-col-50 elementor-inner-column elementor-element elementor-element-7deb03fa elementor-invisible\" data-id=\"7deb03fa\" data-element_type=\"column\" data-e-type=\"column\" data-settings=\"{&quot;background_background&quot;:&quot;classic&quot;,&quot;animation&quot;:&quot;fadeIn&quot;}\">\n\t\t\t<div class=\"elementor-widget-wrap elementor-element-populated\">\n\t\t\t\t\t\t<div class=\"elementor-element elementor-element-1ceca5cc ha-card--top ha-card--tablet-top ha-card--mobile-top elementor-widget elementor-widget-ha-card happy-addon ha-card\" data-id=\"1ceca5cc\" data-element_type=\"widget\" data-e-type=\"widget\" data-widget_type=\"ha-card.default\">\n\t\t\t\t<div class=\"elementor-widget-container\">\n\t\t\t\t\t\n\t\t\t\t\t<figure class=\"ha-card-figure\">\n\t\t\t\t<img decoding=\"async\" width=\"1024\" height=\"576\" data-src=\"https:\/\/www.alpyland.com\/wp-content\/uploads\/2024\/10\/Titolo-5-1024x576.jpg\" class=\"attachment-large size-large wp-image-22605 lazyload\" alt=\"Ragazze sorridenti alla partenza di Alpyland, le montagne russe in vetta al monte mottarone da cui si gode di una vista mozzafiato sui sette laghi, tra cui il lago maggiore alle loro spalle.\" data-srcset=\"https:\/\/www.alpyland.com\/wp-content\/uploads\/2024\/10\/Titolo-5-1024x576.jpg 1024w, https:\/\/www.alpyland.com\/wp-content\/uploads\/2024\/10\/Titolo-5-300x169.jpg 300w, https:\/\/www.alpyland.com\/wp-content\/uploads\/2024\/10\/Titolo-5-768x432.jpg 768w, https:\/\/www.alpyland.com\/wp-content\/uploads\/2024\/10\/Titolo-5-1536x863.jpg 1536w, https:\/\/www.alpyland.com\/wp-content\/uploads\/2024\/10\/Titolo-5.jpg 1708w\" data-sizes=\"(max-width: 1024px) 100vw, 1024px\" src=\"data:image\/svg+xml;base64,PHN2ZyB3aWR0aD0iMSIgaGVpZ2h0PSIxIiB4bWxucz0iaHR0cDovL3d3dy53My5vcmcvMjAwMC9zdmciPjwvc3ZnPg==\" style=\"--smush-placeholder-width: 1024px; --smush-placeholder-aspect-ratio: 1024\/576;\" \/>\t\t\t\t\t\t\t\t\t<div class=\"ha-badge ha-badge--top-right\">Enfants \u00e0 partir de 9 ans (avec une taille sup\u00e9rieure \u00e0 120 cm) et adultes<\/div>\n\t\t\t\t\t\t\t<\/figure>\n\t\t\n\t\t<div class=\"ha-card-body\">\n\n\t\t\t<h3 class=\"ha-card-title\">Tarifs pleins<\/h3>\n\t\t\t\t\t\t\t<div class=\"ha-card-text\">\n\t\t\t\t\t<p>Trajet simple (tarif plein) ..... 6,50 \u20ac<br>Deux trajets (tarif plein) .......... 13,00 \u20ac<br>Trois trajets (tarif plein) .......... 19,50 \u20ac<br>Quatre trajets (tarif plein) ........ 22,00 \u20ac<br>Cinq trajets (tarif plein) .......... 27,50 \u20ac<br>Six trajets (tarif plein) ............ 33,00 \u20ac<br>Huit trajets (tarif plein) .......... 44,00 \u20ac<br>Dix trajets (tarif plein) ............ 52,00 \u20ac  <\/p>\n\t\t\t\t<\/div>\n\t\t\t\n\t\t\t\t\t<\/div>\n\t\t\t\t\t\t<\/div>\n\t\t\t\t<\/div>\n\t\t\t\t\t<\/div>\n\t\t<\/div>\n\t\t\t\t\t<\/div>\n\t\t<\/section>\n\t\t\t\t<div class=\"elementor-element elementor-element-6252badb elementor-widget elementor-widget-text-editor\" data-id=\"6252badb\" data-element_type=\"widget\" data-e-type=\"widget\" data-widget_type=\"text-editor.default\">\n\t\t\t\t<div class=\"elementor-widget-container\">\n\t\t\t\t\t\t\t\t\t<p>la direction se r\u00e9serve le droit de modifier les tarifs et les conditions sans pr\u00e9avis.<\/p>\t\t\t\t\t\t\t\t<\/div>\n\t\t\t\t<\/div>\n\t\t\t\t\t<\/div>\n\t\t<\/div>\n\t\t\t\t\t<\/div>\n\t\t<\/section>\n\t\t\t\t<section class=\"elementor-section elementor-top-section elementor-element elementor-element-27aa78bc elementor-section-stretched elementor-section-boxed elementor-section-height-default elementor-section-height-default\" data-id=\"27aa78bc\" data-element_type=\"section\" data-e-type=\"section\" data-settings=\"{&quot;background_background&quot;:&quot;classic&quot;,&quot;stretch_section&quot;:&quot;section-stretched&quot;,&quot;_ha_eqh_enable&quot;:false}\">\n\t\t\t\t\t\t<div class=\"elementor-container elementor-column-gap-narrow\">\n\t\t\t\t\t<div class=\"elementor-column elementor-col-100 elementor-top-column elementor-element elementor-element-67420218\" data-id=\"67420218\" data-element_type=\"column\" data-e-type=\"column\">\n\t\t\t<div class=\"elementor-widget-wrap elementor-element-populated\">\n\t\t\t\t\t\t<div class=\"elementor-element elementor-element-71ac17a9 ha-card--top ha-card--tablet-top ha-card--mobile-top elementor-widget elementor-widget-ha-card happy-addon ha-card\" data-id=\"71ac17a9\" data-element_type=\"widget\" data-e-type=\"widget\" data-widget_type=\"ha-card.default\">\n\t\t\t\t<div class=\"elementor-widget-container\">\n\t\t\t\t\t\n\t\t\t\t\t<figure class=\"ha-card-figure\">\n\t\t\t\t<img decoding=\"async\" width=\"2391\" height=\"739\" data-src=\"https:\/\/www.alpyland.com\/wp-content\/uploads\/2024\/10\/Prova2-1.png\" class=\"attachment-full size-full wp-image-22410 lazyload\" alt=\"foto di alpyland in inverno\" data-srcset=\"https:\/\/www.alpyland.com\/wp-content\/uploads\/2024\/10\/Prova2-1.png 2391w, https:\/\/www.alpyland.com\/wp-content\/uploads\/2024\/10\/Prova2-1-300x93.png 300w, https:\/\/www.alpyland.com\/wp-content\/uploads\/2024\/10\/Prova2-1-1024x316.png 1024w, https:\/\/www.alpyland.com\/wp-content\/uploads\/2024\/10\/Prova2-1-768x237.png 768w, https:\/\/www.alpyland.com\/wp-content\/uploads\/2024\/10\/Prova2-1-1536x475.png 1536w, https:\/\/www.alpyland.com\/wp-content\/uploads\/2024\/10\/Prova2-1-2048x633.png 2048w\" data-sizes=\"(max-width: 2391px) 100vw, 2391px\" src=\"data:image\/svg+xml;base64,PHN2ZyB3aWR0aD0iMSIgaGVpZ2h0PSIxIiB4bWxucz0iaHR0cDovL3d3dy53My5vcmcvMjAwMC9zdmciPjwvc3ZnPg==\" style=\"--smush-placeholder-width: 2391px; --smush-placeholder-aspect-ratio: 2391\/739;\" \/>\t\t\t\t\t\t\t\t\t<div class=\"ha-badge ha-badge--top-right\">Pour les groupes de plus de 20 personnes<\/div>\n\t\t\t\t\t\t\t<\/figure>\n\t\t\n\t\t<div class=\"ha-card-body\">\n\n\t\t\t<h3 class=\"ha-card-title\">Tarif groupes<\/h3>\n\t\t\t\t\t\t\t<div class=\"ha-card-text\">\n\t\t\t\t\t<p>Vous planifiez une visite \u00e0 Alpyland avec un groupe de personnes ?<\/p>\n\t\t\t\t<\/div>\n\t\t\t\n\t\t\t<a class=\"ha-btn\" href=\"mailto:%20biglietteria@alpyland.com\"><span class=\"ha-btn-text\">Demandez-nous un devis<\/span><\/a>\t\t<\/div>\n\t\t\t\t\t\t<\/div>\n\t\t\t\t<\/div>\n\t\t\t\t\t<\/div>\n\t\t<\/div>\n\t\t\t\t\t<\/div>\n\t\t<\/section>\n\t\t\t\t<\/div>\n\t\t","protected":false},"excerpt":{"rendered":"<p>tarifs Nos tarifs se divisent en courses \u00e0 tarif r\u00e9duit, r\u00e9serv\u00e9es aux enfants de 4 \u00e0 9 ans (avec une taille comprise entre 100 et 120 cm), et en courses \u00e0 plein tarif, pour les enfants de plus de 9 ans (avec une taille sup\u00e9rieure \u00e0 120 cm) et les adultes. Les courses sont comptabilis\u00e9es [&hellip;]<\/p>\n","protected":false},"author":2,"featured_media":0,"parent":0,"menu_order":0,"comment_status":"closed","ping_status":"closed","template":"","meta":{"footnotes":""},"class_list":["post-24391","page","type-page","status-publish","hentry"],"_links":{"self":[{"href":"https:\/\/www.alpyland.com\/fr\/wp-json\/wp\/v2\/pages\/24391","targetHints":{"allow":["GET"]}}],"collection":[{"href":"https:\/\/www.alpyland.com\/fr\/wp-json\/wp\/v2\/pages"}],"about":[{"href":"https:\/\/www.alpyland.com\/fr\/wp-json\/wp\/v2\/types\/page"}],"author":[{"embeddable":true,"href":"https:\/\/www.alpyland.com\/fr\/wp-json\/wp\/v2\/users\/2"}],"replies":[{"embeddable":true,"href":"https:\/\/www.alpyland.com\/fr\/wp-json\/wp\/v2\/comments?post=24391"}],"version-history":[{"count":9,"href":"https:\/\/www.alpyland.com\/fr\/wp-json\/wp\/v2\/pages\/24391\/revisions"}],"predecessor-version":[{"id":24640,"href":"https:\/\/www.alpyland.com\/fr\/wp-json\/wp\/v2\/pages\/24391\/revisions\/24640"}],"wp:attachment":[{"href":"https:\/\/www.alpyland.com\/fr\/wp-json\/wp\/v2\/media?parent=24391"}],"curies":[{"name":"wp","href":"https:\/\/api.w.org\/{rel}","templated":true}]}}