{"id":24395,"date":"2026-03-18T14:26:52","date_gmt":"2026-03-18T13:26:52","guid":{"rendered":"https:\/\/www.alpyland.com\/reglement\/"},"modified":"2026-04-01T12:12:46","modified_gmt":"2026-04-01T10:12:46","slug":"reglement","status":"publish","type":"page","link":"https:\/\/www.alpyland.com\/fr\/reglement\/","title":{"rendered":"R\u00e8glement"},"content":{"rendered":"\t\t<div data-elementor-type=\"wp-page\" data-elementor-id=\"24395\" class=\"elementor elementor-24395 elementor-129\" data-elementor-settings=\"{&quot;ha_cmc_init_switcher&quot;:&quot;no&quot;}\" data-elementor-post-type=\"page\">\n\t\t\t\t\t\t<section class=\"elementor-section elementor-top-section elementor-element elementor-element-4e0ee10f elementor-section-full_width elementor-section-height-min-height elementor-section-items-bottom elementor-section-stretched elementor-section-height-default\" data-id=\"4e0ee10f\" data-element_type=\"section\" data-e-type=\"section\" data-settings=\"{&quot;background_background&quot;:&quot;classic&quot;,&quot;stretch_section&quot;:&quot;section-stretched&quot;,&quot;_ha_eqh_enable&quot;:false}\">\n\t\t\t\t\t\t<div class=\"elementor-container elementor-column-gap-default\">\n\t\t\t\t\t<div class=\"elementor-column elementor-col-100 elementor-top-column elementor-element elementor-element-2e357909\" data-id=\"2e357909\" data-element_type=\"column\" data-e-type=\"column\">\n\t\t\t<div class=\"elementor-widget-wrap elementor-element-populated\">\n\t\t\t\t\t\t<div class=\"elementor-element elementor-element-7f22989d elementor-widget elementor-widget-heading\" data-id=\"7f22989d\" data-element_type=\"widget\" data-e-type=\"widget\" data-widget_type=\"heading.default\">\n\t\t\t\t<div class=\"elementor-widget-container\">\n\t\t\t\t\t<h1 class=\"elementor-heading-title elementor-size-default\">r\u00e8glement<\/h1>\t\t\t\t<\/div>\n\t\t\t\t<\/div>\n\t\t\t\t<div class=\"elementor-element elementor-element-427f3a43 elementor-view-default elementor-invisible elementor-widget elementor-widget-icon\" data-id=\"427f3a43\" data-element_type=\"widget\" data-e-type=\"widget\" data-settings=\"{&quot;_animation&quot;:&quot;bounceInDown&quot;}\" data-widget_type=\"icon.default\">\n\t\t\t\t<div class=\"elementor-widget-container\">\n\t\t\t\t\t\t\t<div class=\"elementor-icon-wrapper\">\n\t\t\t<div class=\"elementor-icon\">\n\t\t\t<i aria-hidden=\"true\" class=\"fas fa-chevron-down\"><\/i>\t\t\t<\/div>\n\t\t<\/div>\n\t\t\t\t\t\t<\/div>\n\t\t\t\t<\/div>\n\t\t\t\t\t<\/div>\n\t\t<\/div>\n\t\t\t\t\t<\/div>\n\t\t<\/section>\n\t\t\t\t<section class=\"elementor-section elementor-top-section elementor-element elementor-element-42b9ab2b elementor-section-height-min-height elementor-section-stretched elementor-section-boxed elementor-section-height-default elementor-section-items-middle\" data-id=\"42b9ab2b\" data-element_type=\"section\" data-e-type=\"section\" data-settings=\"{&quot;background_background&quot;:&quot;gradient&quot;,&quot;stretch_section&quot;:&quot;section-stretched&quot;,&quot;_ha_eqh_enable&quot;:false}\">\n\t\t\t\t\t\t<div class=\"elementor-container elementor-column-gap-default\">\n\t\t\t\t\t<div class=\"elementor-column elementor-col-100 elementor-top-column elementor-element elementor-element-72cfd1e0\" data-id=\"72cfd1e0\" data-element_type=\"column\" data-e-type=\"column\">\n\t\t\t<div class=\"elementor-widget-wrap elementor-element-populated\">\n\t\t\t\t\t\t<div class=\"elementor-element elementor-element-5490e637 elementor-widget elementor-widget-text-editor\" data-id=\"5490e637\" data-element_type=\"widget\" data-e-type=\"widget\" data-widget_type=\"text-editor.default\">\n\t\t\t\t<div class=\"elementor-widget-container\">\n\t\t\t\t\t\t\t\t\tAvez-vous besoin de plus d\u2019informations sur le fonctionnement d\u2019Alpyland ? Vous trouverez ci-dessous le r\u00e8glement.  Vous avez besoin de plus d&rsquo;informations ? \t\t\t\t\t\t\t\t<\/div>\n\t\t\t\t<\/div>\n\t\t\t\t<section class=\"elementor-section elementor-inner-section elementor-element elementor-element-479bff0b elementor-section-boxed elementor-section-height-default elementor-section-height-default\" data-id=\"479bff0b\" data-element_type=\"section\" data-e-type=\"section\" data-settings=\"{&quot;_ha_eqh_enable&quot;:false}\">\n\t\t\t\t\t\t<div class=\"elementor-container elementor-column-gap-narrow\">\n\t\t\t\t\t<div class=\"elementor-column elementor-col-50 elementor-inner-column elementor-element elementor-element-4ff0c3ae\" data-id=\"4ff0c3ae\" data-element_type=\"column\" data-e-type=\"column\">\n\t\t\t<div class=\"elementor-widget-wrap elementor-element-populated\">\n\t\t\t\t\t\t<div class=\"elementor-element elementor-element-56eedef2 elementor-align-right elementor-mobile-align-center elementor-invisible elementor-widget elementor-widget-button\" data-id=\"56eedef2\" data-element_type=\"widget\" data-e-type=\"widget\" data-settings=\"{&quot;_animation&quot;:&quot;fadeIn&quot;}\" data-widget_type=\"button.default\">\n\t\t\t\t<div class=\"elementor-widget-container\">\n\t\t\t\t\t\t\t\t\t<div class=\"elementor-button-wrapper\">\n\t\t\t\t\t<a class=\"elementor-button elementor-button-link elementor-size-sm\" href=\"mailto:%20biglietteria@alpyland.com\">\n\t\t\t\t\t\t<span class=\"elementor-button-content-wrapper\">\n\t\t\t\t\t\t<span class=\"elementor-button-icon\">\n\t\t\t\t<i aria-hidden=\"true\" class=\"huge huge-mail-open\"><\/i>\t\t\t<\/span>\n\t\t\t\t\t\t\t\t\t<span class=\"elementor-button-text\">Envoyez-nous un courriel<\/span>\n\t\t\t\t\t<\/span>\n\t\t\t\t\t<\/a>\n\t\t\t\t<\/div>\n\t\t\t\t\t\t\t\t<\/div>\n\t\t\t\t<\/div>\n\t\t\t\t\t<\/div>\n\t\t<\/div>\n\t\t\t\t<div class=\"elementor-column elementor-col-50 elementor-inner-column elementor-element elementor-element-757447a\" data-id=\"757447a\" data-element_type=\"column\" data-e-type=\"column\">\n\t\t\t<div class=\"elementor-widget-wrap elementor-element-populated\">\n\t\t\t\t\t\t<div class=\"elementor-element elementor-element-3646fa6 elementor-align-left elementor-mobile-align-center elementor-invisible elementor-widget elementor-widget-button\" data-id=\"3646fa6\" data-element_type=\"widget\" data-e-type=\"widget\" data-settings=\"{&quot;_animation&quot;:&quot;fadeIn&quot;}\" data-widget_type=\"button.default\">\n\t\t\t\t<div class=\"elementor-widget-container\">\n\t\t\t\t\t\t\t\t\t<div class=\"elementor-button-wrapper\">\n\t\t\t\t\t<a class=\"elementor-button elementor-button-link elementor-size-sm\" href=\"https:\/\/www.alpyland.com\/fr\/faq\/\">\n\t\t\t\t\t\t<span class=\"elementor-button-content-wrapper\">\n\t\t\t\t\t\t<span class=\"elementor-button-icon\">\n\t\t\t\t<i aria-hidden=\"true\" class=\"far fa-question-circle\"><\/i>\t\t\t<\/span>\n\t\t\t\t\t\t\t\t\t<span class=\"elementor-button-text\">Consultez la FAQ<\/span>\n\t\t\t\t\t<\/span>\n\t\t\t\t\t<\/a>\n\t\t\t\t<\/div>\n\t\t\t\t\t\t\t\t<\/div>\n\t\t\t\t<\/div>\n\t\t\t\t\t<\/div>\n\t\t<\/div>\n\t\t\t\t\t<\/div>\n\t\t<\/section>\n\t\t\t\t\t<\/div>\n\t\t<\/div>\n\t\t\t\t\t<\/div>\n\t\t<\/section>\n\t\t\t\t<section class=\"elementor-section elementor-top-section elementor-element elementor-element-6de66dde elementor-section-stretched elementor-section-boxed elementor-section-height-default elementor-section-height-default\" data-id=\"6de66dde\" data-element_type=\"section\" data-e-type=\"section\" data-settings=\"{&quot;background_background&quot;:&quot;gradient&quot;,&quot;stretch_section&quot;:&quot;section-stretched&quot;,&quot;_ha_eqh_enable&quot;:false}\">\n\t\t\t\t\t\t<div class=\"elementor-container elementor-column-gap-narrow\">\n\t\t\t\t\t<div class=\"elementor-column elementor-col-100 elementor-top-column elementor-element elementor-element-375e8b05\" data-id=\"375e8b05\" data-element_type=\"column\" data-e-type=\"column\">\n\t\t\t<div class=\"elementor-widget-wrap elementor-element-populated\">\n\t\t\t\t\t\t<div class=\"elementor-element elementor-element-5b0cf179 ha-card--top ha-card--tablet-top ha-card--mobile-top elementor-widget elementor-widget-ha-card happy-addon ha-card\" data-id=\"5b0cf179\" data-element_type=\"widget\" data-e-type=\"widget\" data-widget_type=\"ha-card.default\">\n\t\t\t\t<div class=\"elementor-widget-container\">\n\t\t\t\t\t\n\t\t\n\t\t<div class=\"ha-card-body\">\n\n\t\t\t<h3 class=\"ha-card-title\">\u00c2ge et taille<\/h3>\n\t\t\t\t\t\t\t<div class=\"ha-card-text\">\n\t\t\t\t\t<p>Les enfants de moins de 4 ans et\/ou mesurant moins de 100 cm ne peuvent pas utiliser la piste.<br><br>De 4 \u00e0 9 ans, les enfants peuvent effectuer la descente uniquement accompagn\u00e9s d\u2019un adulte ou d\u2019un enfant de plus de 14 ans et mesurant au moins 135 cm, en s\u2019asseyant \u00e0 l\u2019avant.<br><br>\u00c0 partir de 9 ans, ils peuvent effectuer la descente de mani\u00e8re autonome. <\/p>\n\t\t\t\t<\/div>\n\t\t\t\n\t\t\t\t\t<\/div>\n\t\t\t\t\t\t<\/div>\n\t\t\t\t<\/div>\n\t\t\t\t<div class=\"elementor-element elementor-element-cd513e8 ha-card--top ha-card--tablet-top ha-card--mobile-top elementor-widget elementor-widget-ha-card happy-addon ha-card\" data-id=\"cd513e8\" data-element_type=\"widget\" data-e-type=\"widget\" data-widget_type=\"ha-card.default\">\n\t\t\t\t<div class=\"elementor-widget-container\">\n\t\t\t\t\t\n\t\t\n\t\t<div class=\"ha-card-body\">\n\n\t\t\t<h3 class=\"ha-card-title\">Acc\u00e8s et responsabilit\u00e9<\/h3>\n\t\t\t\t\t\t\t<div class=\"ha-card-text\">\n\t\t\t\t\t<p>- L\u2019attention du conducteur est essentielle pour la s\u00e9curit\u00e9. Les utilisateurs utilisent Alpyland sous leur propre responsabilit\u00e9, avec une tenue appropri\u00e9e et sans \u00eatre sous l\u2019effet de l\u2019alcool ou de drogues.  <br> <br>- L\u2019acc\u00e8s \u00e0 l\u2019installation est autoris\u00e9 uniquement aux personnes munies d\u2019un billet. <br> <br>- L\u2019utilisation de la luge sur rail implique automatiquement la connaissance et l\u2019acceptation du pr\u00e9sent r\u00e8glement. <br> <br>- Les utilisateurs doivent se conformer strictement aux instructions du personnel, qui a le droit d\u2019interdire l\u2019utilisation de l\u2019installation \u00e0 toute personne conduisant de mani\u00e8re dangereuse et\/ou ne respectant pas les consignes.<br> <br> <br>- Les femmes enceintes ne peuvent pas utiliser l\u2019attraction. <br> <br>- Les personnes souffrant de handicaps physiques ou mentaux ne peuvent pas utiliser l\u2019attraction pour des raisons de s\u00e9curit\u00e9, sauf si elles sont accompagn\u00e9es d\u2019un tiers qui conduira la luge et assumera toutes les responsabilit\u00e9s. <br> <br>- La luge peut supporter une charge maximale de 150 kg. <br> <br>- En cas de fermeture d\u2019Alpyland pour des raisons m\u00e9t\u00e9orologiques, aucun remboursement ne sera effectu\u00e9. <br> <br>- Le personnel n\u2019est pas responsable des \u00e9ventuels objets perdus le long de la piste. En cas de perte, le personnel effectuera un tour de contr\u00f4le apr\u00e8s la fermeture de l\u2019installation. <\/p>\n\t\t\t\t<\/div>\n\t\t\t\n\t\t\t\t\t<\/div>\n\t\t\t\t\t\t<\/div>\n\t\t\t\t<\/div>\n\t\t\t\t<div class=\"elementor-element elementor-element-1e1fa860 ha-card--top ha-card--tablet-top ha-card--mobile-top elementor-widget elementor-widget-ha-card happy-addon ha-card\" data-id=\"1e1fa860\" data-element_type=\"widget\" data-e-type=\"widget\" data-widget_type=\"ha-card.default\">\n\t\t\t\t<div class=\"elementor-widget-container\">\n\t\t\t\t\t\n\t\t\n\t\t<div class=\"ha-card-body\">\n\n\t\t\t<h3 class=\"ha-card-title\">Obligations et interdictions<\/h3>\n\t\t\t\t\t\t\t<div class=\"ha-card-text\">\n\t\t\t\t\t<p>- Parmi les deux passagers utilisant la luge, celui ayant la corpulence la plus robuste doit toujours occuper le si\u00e8ge arri\u00e8re et garder les mains sur les freins ; la personne \u00e0 l\u2019avant ne peut pas actionner les leviers de frein. <br><br>- Il est obligatoire de toujours regarder devant soi. <br><br>- Il est obligatoire de freiner \u00e0 la fin de la piste, \u00e0 proximit\u00e9 de la tente rouge. <br><br>- Il est obligatoire de descendre de la luge \u00e0 la fin de chaque course. <br><br>- Les utilisateurs doivent maintenir une vitesse mod\u00e9r\u00e9e de s\u00e9curit\u00e9 afin de ne pas se mettre en danger ni mettre les autres en danger. <br><br>- Les utilisateurs doivent maintenir une distance d\u2019au moins 25 m\u00e8tres avec la luge qui les pr\u00e9c\u00e8de. En cas de collision, le conducteur de la luge qui suit sera consid\u00e9r\u00e9 comme responsable.  <br><br>- Il est interdit d\u2019effectuer la descente trop lentement. <br><br>- Il est interdit d\u2019arr\u00eater la luge pendant la descente. <br><br>- Il est interdit de toucher la piste ou les parties situ\u00e9es sous la luge. <br><br>- Les animaux, les parapluies, les b\u00e2tons ainsi que d\u2019autres objets encombrants ne peuvent pas \u00eatre transport\u00e9s sur la luge. Ne portez pas de v\u00eatements amples, de bonnets ou d\u2019\u00e9charpes. Faites attention aux lacets des chaussures ainsi qu\u2019aux cheveux longs d\u00e9tach\u00e9s \u00e0 proximit\u00e9 de la piste et des roues des luges.  <br><br>- Pendant la descente, il est interdit de fumer, d\u2019utiliser des appareils photo, des t\u00e9l\u00e9phones portables ou tout autre dispositif pouvant distraire le conducteur. Le passager est responsable des dommages ou de la perte des appareils \u00e9lectroniques. <\/p>\n\t\t\t\t<\/div>\n\t\t\t\n\t\t\t\t\t<\/div>\n\t\t\t\t\t\t<\/div>\n\t\t\t\t<\/div>\n\t\t\t\t\t<\/div>\n\t\t<\/div>\n\t\t\t\t\t<\/div>\n\t\t<\/section>\n\t\t\t\t<section class=\"elementor-section elementor-top-section elementor-element elementor-element-79884834 elementor-section-boxed elementor-section-height-default elementor-section-height-default\" data-id=\"79884834\" data-element_type=\"section\" data-e-type=\"section\" data-settings=\"{&quot;_ha_eqh_enable&quot;:false}\">\n\t\t\t\t\t\t<div class=\"elementor-container elementor-column-gap-default\">\n\t\t\t\t\t<div class=\"elementor-column elementor-col-100 elementor-top-column elementor-element elementor-element-5cf71c8b\" data-id=\"5cf71c8b\" data-element_type=\"column\" data-e-type=\"column\">\n\t\t\t<div class=\"elementor-widget-wrap\">\n\t\t\t\t\t\t\t<\/div>\n\t\t<\/div>\n\t\t\t\t\t<\/div>\n\t\t<\/section>\n\t\t\t\t<\/div>\n\t\t","protected":false},"excerpt":{"rendered":"<p>r\u00e8glement Avez-vous besoin de plus d\u2019informations sur le fonctionnement d\u2019Alpyland ? Vous trouverez ci-dessous le r\u00e8glement. Vous avez besoin de plus d&rsquo;informations ? Envoyez-nous un courriel Consultez la FAQ \u00c2ge et taille Les enfants de moins de 4 ans et\/ou mesurant moins de 100 cm ne peuvent pas utiliser la piste. De 4 \u00e0 9 [&hellip;]<\/p>\n","protected":false},"author":2,"featured_media":0,"parent":0,"menu_order":0,"comment_status":"closed","ping_status":"closed","template":"","meta":{"footnotes":""},"class_list":["post-24395","page","type-page","status-publish","hentry"],"_links":{"self":[{"href":"https:\/\/www.alpyland.com\/fr\/wp-json\/wp\/v2\/pages\/24395","targetHints":{"allow":["GET"]}}],"collection":[{"href":"https:\/\/www.alpyland.com\/fr\/wp-json\/wp\/v2\/pages"}],"about":[{"href":"https:\/\/www.alpyland.com\/fr\/wp-json\/wp\/v2\/types\/page"}],"author":[{"embeddable":true,"href":"https:\/\/www.alpyland.com\/fr\/wp-json\/wp\/v2\/users\/2"}],"replies":[{"embeddable":true,"href":"https:\/\/www.alpyland.com\/fr\/wp-json\/wp\/v2\/comments?post=24395"}],"version-history":[{"count":3,"href":"https:\/\/www.alpyland.com\/fr\/wp-json\/wp\/v2\/pages\/24395\/revisions"}],"predecessor-version":[{"id":24634,"href":"https:\/\/www.alpyland.com\/fr\/wp-json\/wp\/v2\/pages\/24395\/revisions\/24634"}],"wp:attachment":[{"href":"https:\/\/www.alpyland.com\/fr\/wp-json\/wp\/v2\/media?parent=24395"}],"curies":[{"name":"wp","href":"https:\/\/api.w.org\/{rel}","templated":true}]}}